{"id":134,"date":"2025-07-17T15:22:35","date_gmt":"2025-07-17T12:22:35","guid":{"rendered":"https:\/\/www.aryinsaatizmir.com\/?page_id=134"},"modified":"2025-08-05T09:47:16","modified_gmt":"2025-08-05T06:47:16","slug":"hakkimizda","status":"publish","type":"page","link":"https:\/\/www.aryinsaatizmir.com\/index.php\/hakkimizda\/","title":{"rendered":"Hakk\u0131m\u0131zda"},"content":{"rendered":"\t\t<div data-elementor-type=\"wp-page\" data-elementor-id=\"134\" class=\"elementor elementor-134\">\n\t\t\t\t<div class=\"elementor-element elementor-element-5058bd87 e-flex e-con-boxed e-con e-parent\" data-id=\"5058bd87\" data-element_type=\"container\" data-e-type=\"container\" data-settings=\"{&quot;background_background&quot;:&quot;classic&quot;,&quot;shape_divider_bottom&quot;:&quot;triangle-asymmetrical&quot;}\">\n\t\t\t\t\t<div class=\"e-con-inner\">\n\t\t\t\t<div class=\"elementor-shape elementor-shape-bottom\" aria-hidden=\"true\" data-negative=\"false\">\n\t\t\t<svg xmlns=\"http:\/\/www.w3.org\/2000\/svg\" viewBox=\"0 0 1000 100\" preserveAspectRatio=\"none\">\n\t<path class=\"elementor-shape-fill\" d=\"M738,99l262-93V0H0v5.6L738,99z\"\/>\n<\/svg>\t\t<\/div>\n\t\t<div class=\"elementor-element elementor-element-3ef8d783 e-con-full e-flex e-con e-child\" data-id=\"3ef8d783\" data-element_type=\"container\" data-e-type=\"container\">\n\t\t<div class=\"elementor-element elementor-element-2a648481 e-con-full e-flex e-con e-child\" data-id=\"2a648481\" data-element_type=\"container\" data-e-type=\"container\" data-settings=\"{&quot;background_background&quot;:&quot;classic&quot;}\">\n\t\t\t\t<div class=\"elementor-element elementor-element-7532e31 elementor-widget__width-initial elementor-widget elementor-widget-heading\" data-id=\"7532e31\" data-element_type=\"widget\" data-e-type=\"widget\" data-settings=\"{&quot;_animation&quot;:&quot;none&quot;}\" data-widget_type=\"heading.default\">\n\t\t\t\t\t<h2 class=\"elementor-heading-title elementor-size-default\">Hakk\u0131m\u0131zda<\/h2>\t\t\t\t<\/div>\n\t\t\t\t<\/div>\n\t\t\t\t<\/div>\n\t\t\t\t\t<\/div>\n\t\t\t\t<\/div>\n\t\t<div class=\"elementor-element elementor-element-63e4f13 e-flex e-con-boxed e-con e-parent\" data-id=\"63e4f13\" data-element_type=\"container\" data-e-type=\"container\">\n\t\t\t\t\t<div class=\"e-con-inner\">\n\t\t<div class=\"elementor-element elementor-element-314913d9 e-con-full e-flex e-con e-child\" data-id=\"314913d9\" data-element_type=\"container\" data-e-type=\"container\">\n\t\t\t\t<div class=\"elementor-element elementor-element-5913aa34 elementor-widget__width-initial elementor-widget elementor-widget-heading\" data-id=\"5913aa34\" data-element_type=\"widget\" data-e-type=\"widget\" data-widget_type=\"heading.default\">\n\t\t\t\t\t<h1 class=\"elementor-heading-title elementor-size-default\">25 Y\u0131ll\u0131k Tecr\u00fcbe ile \u0130zmir\u2019de G\u00fcvenin ve Kalitenin Adresi<\/h1>\t\t\t\t<\/div>\n\t\t\t\t<div class=\"elementor-element elementor-element-5f044c02 elementor-widget__width-initial elementor-widget elementor-widget-text-editor\" data-id=\"5f044c02\" data-element_type=\"widget\" data-e-type=\"widget\" data-widget_type=\"text-editor.default\">\n\t\t\t\t\t\t\t\t\t<p data-start=\"185\" data-end=\"554\"><strong data-start=\"185\" data-end=\"207\">Ary Yap\u0131 Ltd. \u015eti.<\/strong>, \u0130zmir merkezli olarak faaliyet g\u00f6steren, bina d\u0131\u015f cephe ve i\u00e7 cephe uygulamalar\u0131, \u00e7at\u0131 aktarma ve \u00e7at\u0131 yap\u0131m\u0131, yer dekorasyonlar\u0131 ve her t\u00fcrl\u00fc tadilat i\u015fleri alan\u0131nda uzmanla\u015fm\u0131\u015f bir in\u015faat firmas\u0131d\u0131r. Uzun y\u0131llara dayanan tecr\u00fcbemiz ve m\u00fc\u015fteri memnuniyetini esas alan yakla\u015f\u0131m\u0131m\u0131zla, \u0130zmir ve \u00e7evre illerde say\u0131s\u0131z projeye ba\u015far\u0131yla imza att\u0131k.<\/p><p data-start=\"556\" data-end=\"935\">D\u0131\u015f cephe mantolama, \u0131s\u0131 yal\u0131t\u0131m sistemleri, fileli s\u0131va uygulamalar\u0131 gibi enerji tasarrufu ve estetik g\u00f6r\u00fcn\u00fcm sa\u011flayan \u00e7\u00f6z\u00fcmlerden; i\u00e7 cephe boya, al\u00e7\u0131, kartonpiyer ve dekoratif uygulamalara kadar t\u00fcm yap\u0131 ihtiya\u00e7lar\u0131n\u0131za profesyonel \u00e7\u00f6z\u00fcmler sunuyoruz. Ayn\u0131 zamanda \u00e7at\u0131 aktarma, izolasyon ve \u00e7at\u0131 yap\u0131m\u0131nda kaliteli malzeme ve uzman kadromuzla dayan\u0131kl\u0131 yap\u0131lar in\u015fa ediyoruz.<\/p><p data-start=\"937\" data-end=\"1224\">Modern ya\u015fam alanlar\u0131 olu\u015fturmak ad\u0131na yer d\u00f6\u015feme, seramik, parke, banyo ve mutfak tadilatlar\u0131nda da fark yaratan detaylar sunarak m\u00fc\u015fterilerimize konforlu ve estetik ortamlar sunuyoruz. Projelerimizde her zaman kalite, zaman\u0131nda teslimat ve uygun maliyet ilkelerini \u00f6n planda tutuyoruz.<\/p><p data-start=\"1226\" data-end=\"1409\">\u0130zmir genelinde bireysel ve kurumsal m\u00fc\u015fterilere hizmet sunan <strong data-start=\"1288\" data-end=\"1300\">Ary Yap\u0131<\/strong>, g\u00fcvenilir i\u015f ortakl\u0131\u011f\u0131 ve s\u00fcrd\u00fcr\u00fclebilir yap\u0131 \u00e7\u00f6z\u00fcmleriyle sekt\u00f6rdeki yerini sa\u011flamla\u015ft\u0131rmaya devam ediyor.<\/p>\t\t\t\t\t\t\t\t<\/div>\n\t\t<div class=\"elementor-element elementor-element-72814d08 e-con-full e-flex e-con e-child\" data-id=\"72814d08\" data-element_type=\"container\" data-e-type=\"container\">\n\t\t\t\t<div class=\"elementor-element elementor-element-29a342ce elementor-widget__width-initial elementor-widget elementor-widget-text-editor\" data-id=\"29a342ce\" data-element_type=\"widget\" data-e-type=\"widget\" data-widget_type=\"text-editor.default\">\n\t\t\t\t\t\t\t\t\t<p>Ary Yap\u0131<\/p>\t\t\t\t\t\t\t\t<\/div>\n\t\t\t\t<\/div>\n\t\t<div class=\"elementor-element elementor-element-988d77c e-con-full animated-slow e-flex elementor-invisible e-con e-child\" data-id=\"988d77c\" data-element_type=\"container\" data-e-type=\"container\" data-settings=\"{&quot;background_background&quot;:&quot;classic&quot;,&quot;animation&quot;:&quot;fadeInRight&quot;}\">\n\t\t<div class=\"elementor-element elementor-element-5bc022a4 e-con-full e-flex e-con e-child\" data-id=\"5bc022a4\" data-element_type=\"container\" data-e-type=\"container\" data-settings=\"{&quot;background_background&quot;:&quot;classic&quot;}\">\n\t\t\t\t<div class=\"elementor-element elementor-element-53d02650 elementor-widget elementor-widget-counter\" data-id=\"53d02650\" data-element_type=\"widget\" data-e-type=\"widget\" data-widget_type=\"counter.default\">\n\t\t\t\t\t\t\t<div class=\"elementor-counter\">\n\t\t\t<div class=\"elementor-counter-title\">Satisfy Client<\/div>\t\t\t<div class=\"elementor-counter-number-wrapper\">\n\t\t\t\t<span class=\"elementor-counter-number-prefix\"><\/span>\n\t\t\t\t<span class=\"elementor-counter-number\" data-duration=\"2000\" data-to-value=\"95\" data-from-value=\"0\" data-delimiter=\",\">0<\/span>\n\t\t\t\t<span class=\"elementor-counter-number-suffix\">%<\/span>\n\t\t\t<\/div>\n\t\t<\/div>\n\t\t\t\t\t\t<\/div>\n\t\t\t\t<\/div>\n\t\t<div class=\"elementor-element elementor-element-5be43a39 e-con-full e-flex e-con e-child\" data-id=\"5be43a39\" data-element_type=\"container\" data-e-type=\"container\">\n\t\t\t\t<div class=\"elementor-element elementor-element-5b47ee4e elementor-widget elementor-widget-counter\" data-id=\"5b47ee4e\" data-element_type=\"widget\" data-e-type=\"widget\" data-widget_type=\"counter.default\">\n\t\t\t\t\t\t\t<div class=\"elementor-counter\">\n\t\t\t<div class=\"elementor-counter-title\">Project Completed<\/div>\t\t\t<div class=\"elementor-counter-number-wrapper\">\n\t\t\t\t<span class=\"elementor-counter-number-prefix\"><\/span>\n\t\t\t\t<span class=\"elementor-counter-number\" data-duration=\"2000\" data-to-value=\"500\" data-from-value=\"0\" data-delimiter=\",\">0<\/span>\n\t\t\t\t<span class=\"elementor-counter-number-suffix\">+<\/span>\n\t\t\t<\/div>\n\t\t<\/div>\n\t\t\t\t\t\t<\/div>\n\t\t\t\t<\/div>\n\t\t\t\t<\/div>\n\t\t\t\t<\/div>\n\t\t<div class=\"elementor-element elementor-element-53442e2 e-con-full e-flex e-con e-child\" data-id=\"53442e2\" data-element_type=\"container\" data-e-type=\"container\" data-settings=\"{&quot;background_background&quot;:&quot;classic&quot;}\">\n\t\t<div class=\"elementor-element elementor-element-13778158 e-con-full e-flex e-con e-child\" data-id=\"13778158\" data-element_type=\"container\" data-e-type=\"container\">\n\t\t<div class=\"elementor-element elementor-element-67dc3549 e-con-full animated-slow e-flex elementor-invisible e-con e-child\" data-id=\"67dc3549\" data-element_type=\"container\" data-e-type=\"container\" data-settings=\"{&quot;background_background&quot;:&quot;classic&quot;,&quot;animation&quot;:&quot;fadeInUp&quot;}\">\n\t\t\t\t<\/div>\n\t\t<div class=\"elementor-element elementor-element-78e04ef e-con-full animated-slow e-flex elementor-invisible e-con e-child\" data-id=\"78e04ef\" data-element_type=\"container\" data-e-type=\"container\" data-settings=\"{&quot;background_background&quot;:&quot;classic&quot;,&quot;animation&quot;:&quot;fadeInLeft&quot;}\">\n\t\t\t\t<\/div>\n\t\t\t\t<\/div>\n\t\t<div class=\"elementor-element elementor-element-2a92a3b5 e-con-full e-flex e-con e-child\" data-id=\"2a92a3b5\" data-element_type=\"container\" data-e-type=\"container\">\n\t\t<div class=\"elementor-element elementor-element-6e0a4085 e-con-full animated-slow e-flex elementor-invisible e-con e-child\" data-id=\"6e0a4085\" data-element_type=\"container\" data-e-type=\"container\" data-settings=\"{&quot;background_background&quot;:&quot;classic&quot;,&quot;animation&quot;:&quot;fadeInRight&quot;}\">\n\t\t\t\t<\/div>\n\t\t<div class=\"elementor-element elementor-element-4a6da2bc e-con-full animated-slow e-flex elementor-invisible e-con e-child\" data-id=\"4a6da2bc\" data-element_type=\"container\" data-e-type=\"container\" data-settings=\"{&quot;background_background&quot;:&quot;classic&quot;,&quot;animation&quot;:&quot;fadeInUp&quot;}\">\n\t\t\t\t<\/div>\n\t\t\t\t<\/div>\n\t\t\t\t<\/div>\n\t\t\t\t\t<\/div>\n\t\t\t\t<\/div>\n\t\t\t\t<\/div>\n\t\t\n    <div class=\"xs_social_share_widget xs_share_url after_content \t\tmain_content  wslu-style-1 wslu-share-box-shaped wslu-fill-colored wslu-none wslu-share-horizontal wslu-theme-font-no wslu-main_content\">\n\n\t\t\n        <ul>\n\t\t\t        <\/ul>\n    <\/div> \n","protected":false},"excerpt":{"rendered":"<p>Hakk\u0131m\u0131zda 25 Y\u0131ll\u0131k Tecr\u00fcbe ile \u0130zmir\u2019de G\u00fcvenin ve Kalitenin Adresi Ary Yap\u0131 Ltd. \u015eti., \u0130zmir merkezli olarak faaliyet g\u00f6steren, bina d\u0131\u015f cephe ve i\u00e7 cephe uygulamalar\u0131, \u00e7at\u0131 aktarma ve \u00e7at\u0131 yap\u0131m\u0131, yer dekorasyonlar\u0131 ve her t\u00fcrl\u00fc tadilat i\u015fleri alan\u0131nda uzmanla\u015fm\u0131\u015f bir in\u015faat firmas\u0131d\u0131r. Uzun y\u0131llara dayanan tecr\u00fcbemiz ve m\u00fc\u015fteri memnuniyetini esas alan yakla\u015f\u0131m\u0131m\u0131zla, \u0130zmir ve [&hellip;]<\/p>\n","protected":false},"author":1,"featured_media":0,"parent":0,"menu_order":0,"comment_status":"closed","ping_status":"closed","template":"elementor_header_footer","meta":{"postBodyCss":"","postBodyMargin":[],"postBodyPadding":[],"postBodyBackground":{"backgroundType":"classic","gradient":""},"footnotes":""},"class_list":["post-134","page","type-page","status-publish","hentry"],"_links":{"self":[{"href":"https:\/\/www.aryinsaatizmir.com\/index.php\/wp-json\/wp\/v2\/pages\/134","targetHints":{"allow":["GET"]}}],"collection":[{"href":"https:\/\/www.aryinsaatizmir.com\/index.php\/wp-json\/wp\/v2\/pages"}],"about":[{"href":"https:\/\/www.aryinsaatizmir.com\/index.php\/wp-json\/wp\/v2\/types\/page"}],"author":[{"embeddable":true,"href":"https:\/\/www.aryinsaatizmir.com\/index.php\/wp-json\/wp\/v2\/users\/1"}],"replies":[{"embeddable":true,"href":"https:\/\/www.aryinsaatizmir.com\/index.php\/wp-json\/wp\/v2\/comments?post=134"}],"version-history":[{"count":22,"href":"https:\/\/www.aryinsaatizmir.com\/index.php\/wp-json\/wp\/v2\/pages\/134\/revisions"}],"predecessor-version":[{"id":922,"href":"https:\/\/www.aryinsaatizmir.com\/index.php\/wp-json\/wp\/v2\/pages\/134\/revisions\/922"}],"wp:attachment":[{"href":"https:\/\/www.aryinsaatizmir.com\/index.php\/wp-json\/wp\/v2\/media?parent=134"}],"curies":[{"name":"wp","href":"https:\/\/api.w.org\/{rel}","templated":true}]}}