{"id":382,"date":"2025-07-22T11:22:24","date_gmt":"2025-07-22T08:22:24","guid":{"rendered":"https:\/\/www.aryinsaatizmir.com\/?page_id=382"},"modified":"2025-08-05T09:59:05","modified_gmt":"2025-08-05T06:59:05","slug":"dis-cephe-uygulamalari","status":"publish","type":"page","link":"https:\/\/www.aryinsaatizmir.com\/index.php\/dis-cephe-uygulamalari\/","title":{"rendered":"D\u0131\u015f Cephe Uygulamalar\u0131"},"content":{"rendered":"\t\t<div data-elementor-type=\"wp-page\" data-elementor-id=\"382\" class=\"elementor elementor-382\">\n\t\t\t\t<div class=\"elementor-element elementor-element-2134c276 e-flex e-con-boxed e-con e-parent\" data-id=\"2134c276\" data-element_type=\"container\" data-e-type=\"container\" data-settings=\"{&quot;background_background&quot;:&quot;classic&quot;,&quot;shape_divider_bottom&quot;:&quot;triangle-asymmetrical&quot;}\">\n\t\t\t\t\t<div class=\"e-con-inner\">\n\t\t\t\t<div class=\"elementor-shape elementor-shape-bottom\" aria-hidden=\"true\" data-negative=\"false\">\n\t\t\t<svg xmlns=\"http:\/\/www.w3.org\/2000\/svg\" viewBox=\"0 0 1000 100\" preserveAspectRatio=\"none\">\n\t<path class=\"elementor-shape-fill\" d=\"M738,99l262-93V0H0v5.6L738,99z\"\/>\n<\/svg>\t\t<\/div>\n\t\t<div class=\"elementor-element elementor-element-1a324c3f e-con-full e-flex e-con e-child\" data-id=\"1a324c3f\" data-element_type=\"container\" data-e-type=\"container\">\n\t\t<div class=\"elementor-element elementor-element-1919456d e-con-full e-flex e-con e-child\" data-id=\"1919456d\" data-element_type=\"container\" data-e-type=\"container\" data-settings=\"{&quot;background_background&quot;:&quot;classic&quot;}\">\n\t\t\t\t<div class=\"elementor-element elementor-element-38438a5 elementor-widget__width-initial elementor-widget elementor-widget-heading\" data-id=\"38438a5\" data-element_type=\"widget\" data-e-type=\"widget\" data-settings=\"{&quot;_animation&quot;:&quot;none&quot;}\" data-widget_type=\"heading.default\">\n\t\t\t\t\t<h2 class=\"elementor-heading-title elementor-size-default\">H\u0130ZMETLER\u0130M\u0130Z<\/h2>\t\t\t\t<\/div>\n\t\t\t\t<\/div>\n\t\t\t\t<\/div>\n\t\t\t\t\t<\/div>\n\t\t\t\t<\/div>\n\t\t<div class=\"elementor-element elementor-element-5f51672e e-flex e-con-boxed e-con e-parent\" data-id=\"5f51672e\" data-element_type=\"container\" data-e-type=\"container\" data-settings=\"{&quot;background_background&quot;:&quot;classic&quot;}\">\n\t\t\t\t\t<div class=\"e-con-inner\">\n\t\t<div class=\"elementor-element elementor-element-24373c3d e-con-full e-flex e-con e-child\" data-id=\"24373c3d\" data-element_type=\"container\" data-e-type=\"container\">\n\t\t\t\t<div class=\"elementor-element elementor-element-690d061b elementor-widget elementor-widget-heading\" data-id=\"690d061b\" data-element_type=\"widget\" data-e-type=\"widget\" data-widget_type=\"heading.default\">\n\t\t\t\t\t<h2 class=\"elementor-heading-title elementor-size-default\">H\u0130ZMETLER<\/h2>\t\t\t\t<\/div>\n\t\t\t\t<div class=\"elementor-element elementor-element-556791ff elementor-widget__width-initial elementor-widget elementor-widget-heading\" data-id=\"556791ff\" data-element_type=\"widget\" data-e-type=\"widget\" data-widget_type=\"heading.default\">\n\t\t\t\t\t<h1 class=\"elementor-heading-title elementor-size-default\">D\u0131\u015f Cephe Uygulamalar\u0131<\/h1>\t\t\t\t<\/div>\n\t\t\t\t<\/div>\n\t\t<div class=\"elementor-element elementor-element-19811111 e-con-full e-flex e-con e-child\" data-id=\"19811111\" data-element_type=\"container\" data-e-type=\"container\">\n\t\t<div class=\"elementor-element elementor-element-64644897 e-con-full e-flex e-con e-child\" data-id=\"64644897\" data-element_type=\"container\" data-e-type=\"container\">\n\t\t<div class=\"elementor-element elementor-element-78bd4937 e-con-full animated-slow e-flex elementor-invisible e-con e-child\" data-id=\"78bd4937\" data-element_type=\"container\" data-e-type=\"container\" data-settings=\"{&quot;background_background&quot;:&quot;classic&quot;,&quot;animation&quot;:&quot;fadeInUp&quot;}\">\n\t\t<div class=\"elementor-element elementor-element-1a74e1de e-con-full e-flex e-con e-child\" data-id=\"1a74e1de\" data-element_type=\"container\" data-e-type=\"container\" data-settings=\"{&quot;background_background&quot;:&quot;classic&quot;}\">\n\t\t\t\t<\/div>\n\t\t<div class=\"elementor-element elementor-element-759d1cc2 e-con-full e-flex e-con e-child\" data-id=\"759d1cc2\" data-element_type=\"container\" data-e-type=\"container\" data-settings=\"{&quot;background_background&quot;:&quot;classic&quot;}\">\n\t\t\t\t<div class=\"elementor-element elementor-element-631471ac elementor-widget elementor-widget-heading\" data-id=\"631471ac\" data-element_type=\"widget\" data-e-type=\"widget\" data-widget_type=\"heading.default\">\n\t\t\t\t\t<h2 class=\"elementor-heading-title elementor-size-default\">D\u0131\u015f Cephe Mantolama<\/h2>\t\t\t\t<\/div>\n\t\t\t\t<div class=\"elementor-element elementor-element-55564cc6 elementor-widget__width-initial elementor-widget elementor-widget-text-editor\" data-id=\"55564cc6\" data-element_type=\"widget\" data-e-type=\"widget\" data-widget_type=\"text-editor.default\">\n\t\t\t\t\t\t\t\t\t<ul><li><strong>Enerji Tasarrufu Sunar<\/strong><\/li><li><strong>Is\u0131 Yal\u0131t\u0131m\u0131 Sa\u011flar<\/strong><\/li><li><strong>Bina \u00d6mr\u00fcn\u00fc Uzat\u0131r<\/strong><\/li><li><strong>Estetik G\u00f6r\u00fcn\u00fcm Kazand\u0131r\u0131r<\/strong><\/li><li><strong>De\u011fer Art\u0131\u015f\u0131 Sa\u011flar<\/strong><\/li><\/ul>\t\t\t\t\t\t\t\t<\/div>\n\t\t\t\t<div class=\"elementor-element elementor-element-3da06735 elementor-align-center elementor-widget elementor-widget-button\" data-id=\"3da06735\" data-element_type=\"widget\" data-e-type=\"widget\" data-widget_type=\"button.default\">\n\t\t\t\t\t\t\t\t\t\t<a class=\"elementor-button elementor-button-link elementor-size-sm\" href=\"https:\/\/www.aryinsaatizmir.com\/index.php\/dis-mantolama-uygulamasi\/\">\n\t\t\t\t\t\t<span class=\"elementor-button-content-wrapper\">\n\t\t\t\t\t\t<span class=\"elementor-button-icon\">\n\t\t\t\t<svg aria-hidden=\"true\" class=\"e-font-icon-svg e-fas-chevron-right\" viewBox=\"0 0 320 512\" xmlns=\"http:\/\/www.w3.org\/2000\/svg\"><path d=\"M285.476 272.971L91.132 467.314c-9.373 9.373-24.569 9.373-33.941 0l-22.667-22.667c-9.357-9.357-9.375-24.522-.04-33.901L188.505 256 34.484 101.255c-9.335-9.379-9.317-24.544.04-33.901l22.667-22.667c9.373-9.373 24.569-9.373 33.941 0L285.475 239.03c9.373 9.372 9.373 24.568.001 33.941z\"><\/path><\/svg>\t\t\t<\/span>\n\t\t\t\t\t\t\t\t\t<span class=\"elementor-button-text\">Daha Fazla<\/span>\n\t\t\t\t\t<\/span>\n\t\t\t\t\t<\/a>\n\t\t\t\t\t\t\t\t<\/div>\n\t\t\t\t<\/div>\n\t\t\t\t<\/div>\n\t\t<div class=\"elementor-element elementor-element-19830104 e-con-full animated-slow e-flex elementor-invisible e-con e-child\" data-id=\"19830104\" data-element_type=\"container\" data-e-type=\"container\" data-settings=\"{&quot;background_background&quot;:&quot;classic&quot;,&quot;animation&quot;:&quot;fadeInUp&quot;}\">\n\t\t<div class=\"elementor-element elementor-element-20fc109b e-con-full e-flex e-con e-child\" data-id=\"20fc109b\" data-element_type=\"container\" data-e-type=\"container\" data-settings=\"{&quot;background_background&quot;:&quot;classic&quot;}\">\n\t\t\t\t<\/div>\n\t\t<div class=\"elementor-element elementor-element-6a5a8182 e-con-full e-flex e-con e-child\" data-id=\"6a5a8182\" data-element_type=\"container\" data-e-type=\"container\" data-settings=\"{&quot;background_background&quot;:&quot;classic&quot;}\">\n\t\t\t\t<div class=\"elementor-element elementor-element-6ca00f29 elementor-widget elementor-widget-heading\" data-id=\"6ca00f29\" data-element_type=\"widget\" data-e-type=\"widget\" data-widget_type=\"heading.default\">\n\t\t\t\t\t<h2 class=\"elementor-heading-title elementor-size-default\">Is\u0131 Yal\u0131t\u0131m Fileli S\u0131va<\/h2>\t\t\t\t<\/div>\n\t\t\t\t<div class=\"elementor-element elementor-element-7b7548e elementor-widget__width-initial elementor-widget elementor-widget-text-editor\" data-id=\"7b7548e\" data-element_type=\"widget\" data-e-type=\"widget\" data-widget_type=\"text-editor.default\">\n\t\t\t\t\t\t\t\t\t<ul><li>Y\u00fczey \u00e7atlamalar\u0131 engellenir<\/li><li>Y\u00fcksek mukavemet sa\u011flan\u0131r<\/li><li>Uzun \u00f6m\u00fcrl\u00fc<\/li><li>Enerji Tasarrufu<\/li><li>Yang\u0131na Dayan\u0131kl\u0131<\/li><\/ul>\t\t\t\t\t\t\t\t<\/div>\n\t\t\t\t<div class=\"elementor-element elementor-element-79aba2bb elementor-align-center elementor-widget elementor-widget-button\" data-id=\"79aba2bb\" data-element_type=\"widget\" data-e-type=\"widget\" data-widget_type=\"button.default\">\n\t\t\t\t\t\t\t\t\t\t<a class=\"elementor-button elementor-button-link elementor-size-sm\" href=\"https:\/\/www.aryinsaatizmir.com\/index.php\/fileli-siva\">\n\t\t\t\t\t\t<span class=\"elementor-button-content-wrapper\">\n\t\t\t\t\t\t<span class=\"elementor-button-icon\">\n\t\t\t\t<svg aria-hidden=\"true\" class=\"e-font-icon-svg e-fas-chevron-right\" viewBox=\"0 0 320 512\" xmlns=\"http:\/\/www.w3.org\/2000\/svg\"><path d=\"M285.476 272.971L91.132 467.314c-9.373 9.373-24.569 9.373-33.941 0l-22.667-22.667c-9.357-9.357-9.375-24.522-.04-33.901L188.505 256 34.484 101.255c-9.335-9.379-9.317-24.544.04-33.901l22.667-22.667c9.373-9.373 24.569-9.373 33.941 0L285.475 239.03c9.373 9.372 9.373 24.568.001 33.941z\"><\/path><\/svg>\t\t\t<\/span>\n\t\t\t\t\t\t\t\t\t<span class=\"elementor-button-text\">Daha Fazla<\/span>\n\t\t\t\t\t<\/span>\n\t\t\t\t\t<\/a>\n\t\t\t\t\t\t\t\t<\/div>\n\t\t\t\t<\/div>\n\t\t\t\t<\/div>\n\t\t\t\t<\/div>\n\t\t<div class=\"elementor-element elementor-element-2e635f57 e-con-full e-flex e-con e-child\" data-id=\"2e635f57\" data-element_type=\"container\" data-e-type=\"container\">\n\t\t<div class=\"elementor-element elementor-element-4fc2619c e-con-full animated-slow e-flex elementor-invisible e-con e-child\" data-id=\"4fc2619c\" data-element_type=\"container\" data-e-type=\"container\" data-settings=\"{&quot;background_background&quot;:&quot;classic&quot;,&quot;animation&quot;:&quot;fadeInUp&quot;}\">\n\t\t<div class=\"elementor-element elementor-element-7cb9b3a7 e-con-full e-flex e-con e-child\" data-id=\"7cb9b3a7\" data-element_type=\"container\" data-e-type=\"container\" data-settings=\"{&quot;background_background&quot;:&quot;classic&quot;}\">\n\t\t\t\t<\/div>\n\t\t<div class=\"elementor-element elementor-element-1ec5819e e-con-full e-flex e-con e-child\" data-id=\"1ec5819e\" data-element_type=\"container\" data-e-type=\"container\" data-settings=\"{&quot;background_background&quot;:&quot;classic&quot;}\">\n\t\t\t\t<div class=\"elementor-element elementor-element-7c8f5d6e elementor-widget elementor-widget-heading\" data-id=\"7c8f5d6e\" data-element_type=\"widget\" data-e-type=\"widget\" data-widget_type=\"heading.default\">\n\t\t\t\t\t<h2 class=\"elementor-heading-title elementor-size-default\">Yal\u0131 Bask\u0131 Mantolama<\/h2>\t\t\t\t<\/div>\n\t\t\t\t<div class=\"elementor-element elementor-element-3dd89e8d elementor-widget__width-initial elementor-widget elementor-widget-text-editor\" data-id=\"3dd89e8d\" data-element_type=\"widget\" data-e-type=\"widget\" data-widget_type=\"text-editor.default\">\n\t\t\t\t\t\t\t\t\t<ul><li><strong>Y\u00fcksek Is\u0131 Yal\u0131t\u0131m\u0131<\/strong><\/li><li><strong>Estetik G\u00f6r\u00fcn\u00fcm<\/strong><\/li><li><strong>Su ve Nem Direnci<\/strong><\/li><li><strong>Yal\u0131 Bask\u0131 Mantolama<\/strong><\/li><li><strong>Hafif ve Dayan\u0131kl\u0131<\/strong><\/li><li><strong>Bak\u0131m Gerektirmez<\/strong><\/li><\/ul>\t\t\t\t\t\t\t\t<\/div>\n\t\t\t\t<div class=\"elementor-element elementor-element-1f16b2b7 elementor-align-center elementor-widget elementor-widget-button\" data-id=\"1f16b2b7\" data-element_type=\"widget\" data-e-type=\"widget\" data-widget_type=\"button.default\">\n\t\t\t\t\t\t\t\t\t\t<a class=\"elementor-button elementor-button-link elementor-size-sm\" href=\"https:\/\/www.aryinsaatizmir.com\/index.php\/yali-baski\">\n\t\t\t\t\t\t<span class=\"elementor-button-content-wrapper\">\n\t\t\t\t\t\t<span class=\"elementor-button-icon\">\n\t\t\t\t<svg aria-hidden=\"true\" class=\"e-font-icon-svg e-fas-chevron-right\" viewBox=\"0 0 320 512\" xmlns=\"http:\/\/www.w3.org\/2000\/svg\"><path d=\"M285.476 272.971L91.132 467.314c-9.373 9.373-24.569 9.373-33.941 0l-22.667-22.667c-9.357-9.357-9.375-24.522-.04-33.901L188.505 256 34.484 101.255c-9.335-9.379-9.317-24.544.04-33.901l22.667-22.667c9.373-9.373 24.569-9.373 33.941 0L285.475 239.03c9.373 9.372 9.373 24.568.001 33.941z\"><\/path><\/svg>\t\t\t<\/span>\n\t\t\t\t\t\t\t\t\t<span class=\"elementor-button-text\">Daha Fazla<\/span>\n\t\t\t\t\t<\/span>\n\t\t\t\t\t<\/a>\n\t\t\t\t\t\t\t\t<\/div>\n\t\t\t\t<\/div>\n\t\t\t\t<\/div>\n\t\t<div class=\"elementor-element elementor-element-6c8bed46 e-con-full animated-slow e-flex elementor-invisible e-con e-child\" data-id=\"6c8bed46\" data-element_type=\"container\" data-e-type=\"container\" data-settings=\"{&quot;background_background&quot;:&quot;classic&quot;,&quot;animation&quot;:&quot;fadeInUp&quot;}\">\n\t\t<div class=\"elementor-element elementor-element-67ad1eee e-con-full e-flex e-con e-child\" data-id=\"67ad1eee\" data-element_type=\"container\" data-e-type=\"container\" data-settings=\"{&quot;background_background&quot;:&quot;classic&quot;}\">\n\t\t\t\t<\/div>\n\t\t<div class=\"elementor-element elementor-element-36974aeb e-con-full e-flex e-con e-child\" data-id=\"36974aeb\" data-element_type=\"container\" data-e-type=\"container\" data-settings=\"{&quot;background_background&quot;:&quot;classic&quot;}\">\n\t\t\t\t<div class=\"elementor-element elementor-element-61b456f4 elementor-widget elementor-widget-heading\" data-id=\"61b456f4\" data-element_type=\"widget\" data-e-type=\"widget\" data-widget_type=\"heading.default\">\n\t\t\t\t\t<h2 class=\"elementor-heading-title elementor-size-default\">Tam Mozaik - BTB\n\n\n\n<\/h2>\t\t\t\t<\/div>\n\t\t\t\t<div class=\"elementor-element elementor-element-6d9f45bc elementor-widget__width-initial elementor-widget elementor-widget-text-editor\" data-id=\"6d9f45bc\" data-element_type=\"widget\" data-e-type=\"widget\" data-widget_type=\"text-editor.default\">\n\t\t\t\t\t\t\t\t\t<ul><li><strong>Do\u011fal Ta\u015f G\u00f6r\u00fcn\u00fcm\u00fc<\/strong><\/li><li><strong>Y\u00fcksek Dayan\u0131kl\u0131l\u0131k<\/strong><\/li><li>\u00a0<strong>Renk \u00c7e\u015fitlili\u011fi<\/strong><\/li><li><strong>Bak\u0131m Gerektirmez<\/strong><\/li><li><strong>Tam Mozaik &#8211; BTB<\/strong><\/li><li><strong>Is\u0131 Yal\u0131t\u0131m Sistemleriyle Uyumlu<\/strong><\/li><\/ul>\t\t\t\t\t\t\t\t<\/div>\n\t\t\t\t<div class=\"elementor-element elementor-element-1faac21c elementor-align-center elementor-widget elementor-widget-button\" data-id=\"1faac21c\" data-element_type=\"widget\" data-e-type=\"widget\" data-widget_type=\"button.default\">\n\t\t\t\t\t\t\t\t\t\t<a class=\"elementor-button elementor-button-link elementor-size-sm\" href=\"https:\/\/www.aryinsaatizmir.com\/index.php\/mozaik\">\n\t\t\t\t\t\t<span class=\"elementor-button-content-wrapper\">\n\t\t\t\t\t\t<span class=\"elementor-button-icon\">\n\t\t\t\t<svg aria-hidden=\"true\" class=\"e-font-icon-svg e-fas-chevron-right\" viewBox=\"0 0 320 512\" xmlns=\"http:\/\/www.w3.org\/2000\/svg\"><path d=\"M285.476 272.971L91.132 467.314c-9.373 9.373-24.569 9.373-33.941 0l-22.667-22.667c-9.357-9.357-9.375-24.522-.04-33.901L188.505 256 34.484 101.255c-9.335-9.379-9.317-24.544.04-33.901l22.667-22.667c9.373-9.373 24.569-9.373 33.941 0L285.475 239.03c9.373 9.372 9.373 24.568.001 33.941z\"><\/path><\/svg>\t\t\t<\/span>\n\t\t\t\t\t\t\t\t\t<span class=\"elementor-button-text\">Daha Fazla<\/span>\n\t\t\t\t\t<\/span>\n\t\t\t\t\t<\/a>\n\t\t\t\t\t\t\t\t<\/div>\n\t\t\t\t<\/div>\n\t\t\t\t<\/div>\n\t\t\t\t<\/div>\n\t\t\t\t<\/div>\n\t\t\t\t\t<\/div>\n\t\t\t\t<\/div>\n\t\t\t\t<\/div>\n\t\t\n    <div class=\"xs_social_share_widget xs_share_url after_content \t\tmain_content  wslu-style-1 wslu-share-box-shaped wslu-fill-colored wslu-none wslu-share-horizontal wslu-theme-font-no wslu-main_content\">\n\n\t\t\n        <ul>\n\t\t\t        <\/ul>\n    <\/div> \n","protected":false},"excerpt":{"rendered":"<p>H\u0130ZMETLER\u0130M\u0130Z H\u0130ZMETLER D\u0131\u015f Cephe Uygulamalar\u0131 D\u0131\u015f Cephe Mantolama Enerji Tasarrufu Sunar Is\u0131 Yal\u0131t\u0131m\u0131 Sa\u011flar Bina \u00d6mr\u00fcn\u00fc Uzat\u0131r Estetik G\u00f6r\u00fcn\u00fcm Kazand\u0131r\u0131r De\u011fer Art\u0131\u015f\u0131 Sa\u011flar Daha Fazla Is\u0131 Yal\u0131t\u0131m Fileli S\u0131va Y\u00fczey \u00e7atlamalar\u0131 engellenir Y\u00fcksek mukavemet sa\u011flan\u0131r Uzun \u00f6m\u00fcrl\u00fc Enerji Tasarrufu Yang\u0131na Dayan\u0131kl\u0131 Daha Fazla Yal\u0131 Bask\u0131 Mantolama Y\u00fcksek Is\u0131 Yal\u0131t\u0131m\u0131 Estetik G\u00f6r\u00fcn\u00fcm Su ve Nem Direnci [&hellip;]<\/p>\n","protected":false},"author":1,"featured_media":0,"parent":0,"menu_order":0,"comment_status":"closed","ping_status":"closed","template":"elementor_header_footer","meta":{"postBodyCss":"","postBodyMargin":[],"postBodyPadding":[],"postBodyBackground":{"backgroundType":"classic","gradient":""},"footnotes":""},"class_list":["post-382","page","type-page","status-publish","hentry"],"_links":{"self":[{"href":"https:\/\/www.aryinsaatizmir.com\/index.php\/wp-json\/wp\/v2\/pages\/382","targetHints":{"allow":["GET"]}}],"collection":[{"href":"https:\/\/www.aryinsaatizmir.com\/index.php\/wp-json\/wp\/v2\/pages"}],"about":[{"href":"https:\/\/www.aryinsaatizmir.com\/index.php\/wp-json\/wp\/v2\/types\/page"}],"author":[{"embeddable":true,"href":"https:\/\/www.aryinsaatizmir.com\/index.php\/wp-json\/wp\/v2\/users\/1"}],"replies":[{"embeddable":true,"href":"https:\/\/www.aryinsaatizmir.com\/index.php\/wp-json\/wp\/v2\/comments?post=382"}],"version-history":[{"count":61,"href":"https:\/\/www.aryinsaatizmir.com\/index.php\/wp-json\/wp\/v2\/pages\/382\/revisions"}],"predecessor-version":[{"id":937,"href":"https:\/\/www.aryinsaatizmir.com\/index.php\/wp-json\/wp\/v2\/pages\/382\/revisions\/937"}],"wp:attachment":[{"href":"https:\/\/www.aryinsaatizmir.com\/index.php\/wp-json\/wp\/v2\/media?parent=382"}],"curies":[{"name":"wp","href":"https:\/\/api.w.org\/{rel}","templated":true}]}}