{"id":387,"date":"2025-07-22T11:28:11","date_gmt":"2025-07-22T08:28:11","guid":{"rendered":"https:\/\/www.aryinsaatizmir.com\/?page_id=387"},"modified":"2025-08-04T16:48:09","modified_gmt":"2025-08-04T13:48:09","slug":"ic-cephe-uygulamalari","status":"publish","type":"page","link":"https:\/\/www.aryinsaatizmir.com\/index.php\/ic-cephe-uygulamalari\/","title":{"rendered":"\u0130\u00e7 Cephe Uygulamalar\u0131"},"content":{"rendered":"\t\t<div data-elementor-type=\"wp-page\" data-elementor-id=\"387\" class=\"elementor elementor-387\">\n\t\t\t\t<div class=\"elementor-element elementor-element-5054fab3 e-flex e-con-boxed e-con e-parent\" data-id=\"5054fab3\" data-element_type=\"container\" data-e-type=\"container\" data-settings=\"{&quot;background_background&quot;:&quot;classic&quot;,&quot;shape_divider_bottom&quot;:&quot;triangle-asymmetrical&quot;}\">\n\t\t\t\t\t<div class=\"e-con-inner\">\n\t\t\t\t<div class=\"elementor-shape elementor-shape-bottom\" aria-hidden=\"true\" data-negative=\"false\">\n\t\t\t<svg xmlns=\"http:\/\/www.w3.org\/2000\/svg\" viewBox=\"0 0 1000 100\" preserveAspectRatio=\"none\">\n\t<path class=\"elementor-shape-fill\" d=\"M738,99l262-93V0H0v5.6L738,99z\"\/>\n<\/svg>\t\t<\/div>\n\t\t<div class=\"elementor-element elementor-element-1c1094a9 e-con-full e-flex e-con e-child\" data-id=\"1c1094a9\" data-element_type=\"container\" data-e-type=\"container\">\n\t\t<div class=\"elementor-element elementor-element-37cea4d8 e-con-full e-flex e-con e-child\" data-id=\"37cea4d8\" data-element_type=\"container\" data-e-type=\"container\" data-settings=\"{&quot;background_background&quot;:&quot;classic&quot;}\">\n\t\t\t\t<div class=\"elementor-element elementor-element-5b557501 elementor-widget__width-initial elementor-widget elementor-widget-heading\" data-id=\"5b557501\" data-element_type=\"widget\" data-e-type=\"widget\" data-settings=\"{&quot;_animation&quot;:&quot;none&quot;}\" data-widget_type=\"heading.default\">\n\t\t\t\t\t<h2 class=\"elementor-heading-title elementor-size-default\">H\u0130ZMETLER\u0130M\u0130Z<\/h2>\t\t\t\t<\/div>\n\t\t\t\t<\/div>\n\t\t\t\t<\/div>\n\t\t\t\t\t<\/div>\n\t\t\t\t<\/div>\n\t\t<div class=\"elementor-element elementor-element-16aab8ed e-flex e-con-boxed e-con e-parent\" data-id=\"16aab8ed\" data-element_type=\"container\" data-e-type=\"container\" data-settings=\"{&quot;background_background&quot;:&quot;classic&quot;}\">\n\t\t\t\t\t<div class=\"e-con-inner\">\n\t\t<div class=\"elementor-element elementor-element-64089e79 e-con-full e-flex e-con e-child\" data-id=\"64089e79\" data-element_type=\"container\" data-e-type=\"container\">\n\t\t\t\t<div class=\"elementor-element elementor-element-6f5388a5 elementor-widget elementor-widget-heading\" data-id=\"6f5388a5\" data-element_type=\"widget\" data-e-type=\"widget\" data-widget_type=\"heading.default\">\n\t\t\t\t\t<h2 class=\"elementor-heading-title elementor-size-default\">H\u0130ZMETLER<\/h2>\t\t\t\t<\/div>\n\t\t\t\t<div class=\"elementor-element elementor-element-2df41370 elementor-widget__width-initial elementor-widget elementor-widget-heading\" data-id=\"2df41370\" data-element_type=\"widget\" data-e-type=\"widget\" data-widget_type=\"heading.default\">\n\t\t\t\t\t<h1 class=\"elementor-heading-title elementor-size-default\">\u0130\u00e7 Cephe<\/h1>\t\t\t\t<\/div>\n\t\t\t\t<\/div>\n\t\t<div class=\"elementor-element elementor-element-57ddabce e-con-full e-flex e-con e-child\" data-id=\"57ddabce\" data-element_type=\"container\" data-e-type=\"container\">\n\t\t<div class=\"elementor-element elementor-element-6c444e97 e-con-full e-flex e-con e-child\" data-id=\"6c444e97\" data-element_type=\"container\" data-e-type=\"container\">\n\t\t<div class=\"elementor-element elementor-element-601d8ade e-con-full animated-slow e-flex elementor-invisible e-con e-child\" data-id=\"601d8ade\" data-element_type=\"container\" data-e-type=\"container\" data-settings=\"{&quot;background_background&quot;:&quot;classic&quot;,&quot;animation&quot;:&quot;fadeInUp&quot;}\">\n\t\t<div class=\"elementor-element elementor-element-341aca7e e-con-full e-flex e-con e-child\" data-id=\"341aca7e\" data-element_type=\"container\" data-e-type=\"container\" data-settings=\"{&quot;background_background&quot;:&quot;classic&quot;}\">\n\t\t\t\t<\/div>\n\t\t<div class=\"elementor-element elementor-element-cf7dfc6 e-con-full e-flex e-con e-child\" data-id=\"cf7dfc6\" data-element_type=\"container\" data-e-type=\"container\" data-settings=\"{&quot;background_background&quot;:&quot;classic&quot;}\">\n\t\t\t\t<div class=\"elementor-element elementor-element-1f1ddf5d elementor-widget elementor-widget-heading\" data-id=\"1f1ddf5d\" data-element_type=\"widget\" data-e-type=\"widget\" data-widget_type=\"heading.default\">\n\t\t\t\t\t<h2 class=\"elementor-heading-title elementor-size-default\">Boya Uygulama<\/h2>\t\t\t\t<\/div>\n\t\t\t\t<div class=\"elementor-element elementor-element-25338899 elementor-widget__width-initial elementor-widget elementor-widget-text-editor\" data-id=\"25338899\" data-element_type=\"widget\" data-e-type=\"widget\" data-widget_type=\"text-editor.default\">\n\t\t\t\t\t\t\t\t\t<ul><li>Duvar haz\u0131rl\u0131\u011f\u0131 (z\u0131mpara, al\u00e7\u0131, astar uygulamalar\u0131)<\/li><li>Silinebilir i\u00e7 cephe boyalar\u0131<\/li><li>Nefes alabilen, rutubete dayan\u0131kl\u0131 \u00fcr\u00fcn se\u00e7enekleri<\/li><li>Dekoratif boya ve renk dan\u0131\u015fmanl\u0131\u011f\u0131<\/li><\/ul>\t\t\t\t\t\t\t\t<\/div>\n\t\t\t\t<div class=\"elementor-element elementor-element-291e5c41 elementor-align-center elementor-widget elementor-widget-button\" data-id=\"291e5c41\" data-element_type=\"widget\" data-e-type=\"widget\" data-widget_type=\"button.default\">\n\t\t\t\t\t\t\t\t\t\t<a class=\"elementor-button elementor-button-link elementor-size-sm\" href=\"https:\/\/www.aryinsaatizmir.com\/index.php\/2025\/07\/24\/boya\/\">\n\t\t\t\t\t\t<span class=\"elementor-button-content-wrapper\">\n\t\t\t\t\t\t<span class=\"elementor-button-icon\">\n\t\t\t\t<svg aria-hidden=\"true\" class=\"e-font-icon-svg e-fas-chevron-right\" viewBox=\"0 0 320 512\" xmlns=\"http:\/\/www.w3.org\/2000\/svg\"><path d=\"M285.476 272.971L91.132 467.314c-9.373 9.373-24.569 9.373-33.941 0l-22.667-22.667c-9.357-9.357-9.375-24.522-.04-33.901L188.505 256 34.484 101.255c-9.335-9.379-9.317-24.544.04-33.901l22.667-22.667c9.373-9.373 24.569-9.373 33.941 0L285.475 239.03c9.373 9.372 9.373 24.568.001 33.941z\"><\/path><\/svg>\t\t\t<\/span>\n\t\t\t\t\t\t\t\t\t<span class=\"elementor-button-text\">Daha Fazla<\/span>\n\t\t\t\t\t<\/span>\n\t\t\t\t\t<\/a>\n\t\t\t\t\t\t\t\t<\/div>\n\t\t\t\t<\/div>\n\t\t\t\t<\/div>\n\t\t<div class=\"elementor-element elementor-element-6f558aec e-con-full animated-slow e-flex elementor-invisible e-con e-child\" data-id=\"6f558aec\" data-element_type=\"container\" data-e-type=\"container\" data-settings=\"{&quot;background_background&quot;:&quot;classic&quot;,&quot;animation&quot;:&quot;fadeInUp&quot;}\">\n\t\t<div class=\"elementor-element elementor-element-1d6b9aa8 e-con-full e-flex e-con e-child\" data-id=\"1d6b9aa8\" data-element_type=\"container\" data-e-type=\"container\" data-settings=\"{&quot;background_background&quot;:&quot;classic&quot;}\">\n\t\t\t\t<\/div>\n\t\t<div class=\"elementor-element elementor-element-74dd8e93 e-con-full e-flex e-con e-child\" data-id=\"74dd8e93\" data-element_type=\"container\" data-e-type=\"container\" data-settings=\"{&quot;background_background&quot;:&quot;classic&quot;}\">\n\t\t\t\t<div class=\"elementor-element elementor-element-48a410ee elementor-widget elementor-widget-heading\" data-id=\"48a410ee\" data-element_type=\"widget\" data-e-type=\"widget\" data-widget_type=\"heading.default\">\n\t\t\t\t\t<h2 class=\"elementor-heading-title elementor-size-default\">Kartonpiyer<\/h2>\t\t\t\t<\/div>\n\t\t\t\t<div class=\"elementor-element elementor-element-3d15d10c elementor-widget__width-initial elementor-widget elementor-widget-text-editor\" data-id=\"3d15d10c\" data-element_type=\"widget\" data-e-type=\"widget\" data-widget_type=\"text-editor.default\">\n\t\t\t\t\t\t\t\t\t<ul><li>Al\u00e7\u0131 kartonpiyer ve haz\u0131r kartonpiyer montaj\u0131<\/li><li>\u00d6zel \u00f6l\u00e7\u00fclere g\u00f6re tasar\u0131m ve uygulama<\/li><li>Tavan g\u00f6bekleri ve \u00e7\u0131ta sistemleri<\/li><li>I\u015f\u0131k bantlar\u0131 ile uyumlu modern tasar\u0131mlar<\/li><\/ul>\t\t\t\t\t\t\t\t<\/div>\n\t\t\t\t<div class=\"elementor-element elementor-element-155ced8b elementor-align-center elementor-widget elementor-widget-button\" data-id=\"155ced8b\" data-element_type=\"widget\" data-e-type=\"widget\" data-widget_type=\"button.default\">\n\t\t\t\t\t\t\t\t\t\t<a class=\"elementor-button elementor-button-link elementor-size-sm\" href=\"https:\/\/www.aryinsaatizmir.com\/index.php\/kartonpiyer\/\">\n\t\t\t\t\t\t<span class=\"elementor-button-content-wrapper\">\n\t\t\t\t\t\t<span class=\"elementor-button-icon\">\n\t\t\t\t<svg aria-hidden=\"true\" class=\"e-font-icon-svg e-fas-chevron-right\" viewBox=\"0 0 320 512\" xmlns=\"http:\/\/www.w3.org\/2000\/svg\"><path d=\"M285.476 272.971L91.132 467.314c-9.373 9.373-24.569 9.373-33.941 0l-22.667-22.667c-9.357-9.357-9.375-24.522-.04-33.901L188.505 256 34.484 101.255c-9.335-9.379-9.317-24.544.04-33.901l22.667-22.667c9.373-9.373 24.569-9.373 33.941 0L285.475 239.03c9.373 9.372 9.373 24.568.001 33.941z\"><\/path><\/svg>\t\t\t<\/span>\n\t\t\t\t\t\t\t\t\t<span class=\"elementor-button-text\">Daha Fazla<\/span>\n\t\t\t\t\t<\/span>\n\t\t\t\t\t<\/a>\n\t\t\t\t\t\t\t\t<\/div>\n\t\t\t\t<\/div>\n\t\t\t\t<\/div>\n\t\t\t\t<\/div>\n\t\t<div class=\"elementor-element elementor-element-601c954e e-con-full e-flex e-con e-child\" data-id=\"601c954e\" data-element_type=\"container\" data-e-type=\"container\">\n\t\t<div class=\"elementor-element elementor-element-6a2614f2 e-con-full animated-slow e-flex elementor-invisible e-con e-child\" data-id=\"6a2614f2\" data-element_type=\"container\" data-e-type=\"container\" data-settings=\"{&quot;background_background&quot;:&quot;classic&quot;,&quot;animation&quot;:&quot;fadeInUp&quot;}\">\n\t\t<div class=\"elementor-element elementor-element-663534b9 e-con-full e-flex e-con e-child\" data-id=\"663534b9\" data-element_type=\"container\" data-e-type=\"container\" data-settings=\"{&quot;background_background&quot;:&quot;classic&quot;}\">\n\t\t\t\t<\/div>\n\t\t<div class=\"elementor-element elementor-element-17bf5370 e-con-full e-flex e-con e-child\" data-id=\"17bf5370\" data-element_type=\"container\" data-e-type=\"container\" data-settings=\"{&quot;background_background&quot;:&quot;classic&quot;}\">\n\t\t\t\t<div class=\"elementor-element elementor-element-5f1b3f03 elementor-widget elementor-widget-heading\" data-id=\"5f1b3f03\" data-element_type=\"widget\" data-e-type=\"widget\" data-widget_type=\"heading.default\">\n\t\t\t\t\t<h2 class=\"elementor-heading-title elementor-size-default\">Seten Al\u00e7\u0131<\/h2>\t\t\t\t<\/div>\n\t\t\t\t<div class=\"elementor-element elementor-element-7dbb7098 elementor-widget__width-initial elementor-widget elementor-widget-text-editor\" data-id=\"7dbb7098\" data-element_type=\"widget\" data-e-type=\"widget\" data-widget_type=\"text-editor.default\">\n\t\t\t\t\t\t\t\t\t<ul><li>Duvar ve tavan y\u00fczeylerinin d\u00fczg\u00fcnle\u015ftirilmesi<\/li><li>\u0130nce al\u00e7\u0131 uygulamas\u0131 ile p\u00fcr\u00fczs\u00fcz zemin olu\u015fturma<\/li><li>Boyaya haz\u0131r y\u00fczey haz\u0131rl\u0131\u011f\u0131<\/li><li>Al\u00e7\u0131pan ve tamirat sonras\u0131 y\u00fczey d\u00fczeltme<\/li><li>Profesyonel ekipman ve temiz uygulama<\/li><\/ul>\t\t\t\t\t\t\t\t<\/div>\n\t\t\t\t<div class=\"elementor-element elementor-element-4af1db0c elementor-align-center elementor-widget elementor-widget-button\" data-id=\"4af1db0c\" data-element_type=\"widget\" data-e-type=\"widget\" data-widget_type=\"button.default\">\n\t\t\t\t\t\t\t\t\t\t<a class=\"elementor-button elementor-button-link elementor-size-sm\" href=\"https:\/\/www.aryinsaatizmir.com\/index.php\/2025\/07\/24\/saten-alci\/\">\n\t\t\t\t\t\t<span class=\"elementor-button-content-wrapper\">\n\t\t\t\t\t\t<span class=\"elementor-button-icon\">\n\t\t\t\t<svg aria-hidden=\"true\" class=\"e-font-icon-svg e-fas-chevron-right\" viewBox=\"0 0 320 512\" xmlns=\"http:\/\/www.w3.org\/2000\/svg\"><path d=\"M285.476 272.971L91.132 467.314c-9.373 9.373-24.569 9.373-33.941 0l-22.667-22.667c-9.357-9.357-9.375-24.522-.04-33.901L188.505 256 34.484 101.255c-9.335-9.379-9.317-24.544.04-33.901l22.667-22.667c9.373-9.373 24.569-9.373 33.941 0L285.475 239.03c9.373 9.372 9.373 24.568.001 33.941z\"><\/path><\/svg>\t\t\t<\/span>\n\t\t\t\t\t\t\t\t\t<span class=\"elementor-button-text\">Daha Fazla<\/span>\n\t\t\t\t\t<\/span>\n\t\t\t\t\t<\/a>\n\t\t\t\t\t\t\t\t<\/div>\n\t\t\t\t<\/div>\n\t\t\t\t<\/div>\n\t\t<div class=\"elementor-element elementor-element-33539ce7 e-con-full animated-slow e-flex elementor-invisible e-con e-child\" data-id=\"33539ce7\" data-element_type=\"container\" data-e-type=\"container\" data-settings=\"{&quot;background_background&quot;:&quot;classic&quot;,&quot;animation&quot;:&quot;fadeInUp&quot;}\">\n\t\t<div class=\"elementor-element elementor-element-7fbe0bf6 e-con-full e-flex e-con e-child\" data-id=\"7fbe0bf6\" data-element_type=\"container\" data-e-type=\"container\" data-settings=\"{&quot;background_background&quot;:&quot;classic&quot;}\">\n\t\t\t\t<\/div>\n\t\t<div class=\"elementor-element elementor-element-3d5fb03f e-con-full e-flex e-con e-child\" data-id=\"3d5fb03f\" data-element_type=\"container\" data-e-type=\"container\" data-settings=\"{&quot;background_background&quot;:&quot;classic&quot;}\">\n\t\t\t\t<div class=\"elementor-element elementor-element-4ae2037c elementor-widget elementor-widget-heading\" data-id=\"4ae2037c\" data-element_type=\"widget\" data-e-type=\"widget\" data-widget_type=\"heading.default\">\n\t\t\t\t\t<h2 class=\"elementor-heading-title elementor-size-default\">Asma Tavan\n\n\n\n\n<\/h2>\t\t\t\t<\/div>\n\t\t\t\t<div class=\"elementor-element elementor-element-2c0d21ad elementor-widget__width-initial elementor-widget elementor-widget-text-editor\" data-id=\"2c0d21ad\" data-element_type=\"widget\" data-e-type=\"widget\" data-widget_type=\"text-editor.default\">\n\t\t\t\t\t\t\t\t\t<ul><li>Al\u00e7\u0131pan asma tavan sistemleri<\/li><li>Ta\u015fy\u00fcn\u00fc ve metal asma tavan \u00e7\u00f6z\u00fcmleri<\/li><li>Gizli \u0131\u015f\u0131k bantl\u0131 tavan tasar\u0131mlar\u0131<\/li><li>Tavan dekorasyon projelendirme ve uygulama<\/li><li>Ofis, ev, ma\u011faza ve i\u015f yerleri i\u00e7in \u00f6zel tasar\u0131mlar<\/li><\/ul>\t\t\t\t\t\t\t\t<\/div>\n\t\t\t\t<div class=\"elementor-element elementor-element-20bf1eca elementor-align-center elementor-widget elementor-widget-button\" data-id=\"20bf1eca\" data-element_type=\"widget\" data-e-type=\"widget\" data-widget_type=\"button.default\">\n\t\t\t\t\t\t\t\t\t\t<a class=\"elementor-button elementor-button-link elementor-size-sm\" href=\"https:\/\/www.aryinsaatizmir.com\/index.php\/2025\/07\/24\/asma-tavan\/\">\n\t\t\t\t\t\t<span class=\"elementor-button-content-wrapper\">\n\t\t\t\t\t\t<span class=\"elementor-button-icon\">\n\t\t\t\t<svg aria-hidden=\"true\" class=\"e-font-icon-svg e-fas-chevron-right\" viewBox=\"0 0 320 512\" xmlns=\"http:\/\/www.w3.org\/2000\/svg\"><path d=\"M285.476 272.971L91.132 467.314c-9.373 9.373-24.569 9.373-33.941 0l-22.667-22.667c-9.357-9.357-9.375-24.522-.04-33.901L188.505 256 34.484 101.255c-9.335-9.379-9.317-24.544.04-33.901l22.667-22.667c9.373-9.373 24.569-9.373 33.941 0L285.475 239.03c9.373 9.372 9.373 24.568.001 33.941z\"><\/path><\/svg>\t\t\t<\/span>\n\t\t\t\t\t\t\t\t\t<span class=\"elementor-button-text\">Daha Fazla<\/span>\n\t\t\t\t\t<\/span>\n\t\t\t\t\t<\/a>\n\t\t\t\t\t\t\t\t<\/div>\n\t\t\t\t<\/div>\n\t\t\t\t<\/div>\n\t\t\t\t<\/div>\n\t\t\t\t<\/div>\n\t\t\t\t\t<\/div>\n\t\t\t\t<\/div>\n\t\t\t\t<\/div>\n\t\t\n    <div class=\"xs_social_share_widget xs_share_url after_content \t\tmain_content  wslu-style-1 wslu-share-box-shaped wslu-fill-colored wslu-none wslu-share-horizontal wslu-theme-font-no wslu-main_content\">\n\n\t\t\n        <ul>\n\t\t\t        <\/ul>\n    <\/div> \n","protected":false},"excerpt":{"rendered":"<p>H\u0130ZMETLER\u0130M\u0130Z H\u0130ZMETLER \u0130\u00e7 Cephe Boya Uygulama Duvar haz\u0131rl\u0131\u011f\u0131 (z\u0131mpara, al\u00e7\u0131, astar uygulamalar\u0131) Silinebilir i\u00e7 cephe boyalar\u0131 Nefes alabilen, rutubete dayan\u0131kl\u0131 \u00fcr\u00fcn se\u00e7enekleri Dekoratif boya ve renk dan\u0131\u015fmanl\u0131\u011f\u0131 Daha Fazla Kartonpiyer Al\u00e7\u0131 kartonpiyer ve haz\u0131r kartonpiyer montaj\u0131 \u00d6zel \u00f6l\u00e7\u00fclere g\u00f6re tasar\u0131m ve uygulama Tavan g\u00f6bekleri ve \u00e7\u0131ta sistemleri I\u015f\u0131k bantlar\u0131 ile uyumlu modern tasar\u0131mlar Daha Fazla [&hellip;]<\/p>\n","protected":false},"author":1,"featured_media":0,"parent":0,"menu_order":0,"comment_status":"closed","ping_status":"closed","template":"elementor_header_footer","meta":{"postBodyCss":"","postBodyMargin":[],"postBodyPadding":[],"postBodyBackground":{"backgroundType":"classic","gradient":""},"footnotes":""},"class_list":["post-387","page","type-page","status-publish","hentry"],"_links":{"self":[{"href":"https:\/\/www.aryinsaatizmir.com\/index.php\/wp-json\/wp\/v2\/pages\/387","targetHints":{"allow":["GET"]}}],"collection":[{"href":"https:\/\/www.aryinsaatizmir.com\/index.php\/wp-json\/wp\/v2\/pages"}],"about":[{"href":"https:\/\/www.aryinsaatizmir.com\/index.php\/wp-json\/wp\/v2\/types\/page"}],"author":[{"embeddable":true,"href":"https:\/\/www.aryinsaatizmir.com\/index.php\/wp-json\/wp\/v2\/users\/1"}],"replies":[{"embeddable":true,"href":"https:\/\/www.aryinsaatizmir.com\/index.php\/wp-json\/wp\/v2\/comments?post=387"}],"version-history":[{"count":49,"href":"https:\/\/www.aryinsaatizmir.com\/index.php\/wp-json\/wp\/v2\/pages\/387\/revisions"}],"predecessor-version":[{"id":907,"href":"https:\/\/www.aryinsaatizmir.com\/index.php\/wp-json\/wp\/v2\/pages\/387\/revisions\/907"}],"wp:attachment":[{"href":"https:\/\/www.aryinsaatizmir.com\/index.php\/wp-json\/wp\/v2\/media?parent=387"}],"curies":[{"name":"wp","href":"https:\/\/api.w.org\/{rel}","templated":true}]}}