{"id":401,"date":"2025-07-22T12:21:15","date_gmt":"2025-07-22T09:21:15","guid":{"rendered":"https:\/\/www.aryinsaatizmir.com\/?page_id=401"},"modified":"2025-08-04T16:13:27","modified_gmt":"2025-08-04T13:13:27","slug":"cati","status":"publish","type":"page","link":"https:\/\/www.aryinsaatizmir.com\/index.php\/cati\/","title":{"rendered":"\u00c7at\u0131"},"content":{"rendered":"\t\t<div data-elementor-type=\"wp-page\" data-elementor-id=\"401\" class=\"elementor elementor-401\">\n\t\t\t\t<div class=\"elementor-element elementor-element-47e7e49 e-flex e-con-boxed e-con e-parent\" data-id=\"47e7e49\" data-element_type=\"container\" data-e-type=\"container\" data-settings=\"{&quot;background_background&quot;:&quot;classic&quot;,&quot;shape_divider_bottom&quot;:&quot;triangle-asymmetrical&quot;}\">\n\t\t\t\t\t<div class=\"e-con-inner\">\n\t\t\t\t<div class=\"elementor-shape elementor-shape-bottom\" aria-hidden=\"true\" data-negative=\"false\">\n\t\t\t<svg xmlns=\"http:\/\/www.w3.org\/2000\/svg\" viewBox=\"0 0 1000 100\" preserveAspectRatio=\"none\">\n\t<path class=\"elementor-shape-fill\" d=\"M738,99l262-93V0H0v5.6L738,99z\"\/>\n<\/svg>\t\t<\/div>\n\t\t<div class=\"elementor-element elementor-element-245f1d1e e-con-full e-flex e-con e-child\" data-id=\"245f1d1e\" data-element_type=\"container\" data-e-type=\"container\">\n\t\t<div class=\"elementor-element elementor-element-789ad593 e-con-full e-flex e-con e-child\" data-id=\"789ad593\" data-element_type=\"container\" data-e-type=\"container\" data-settings=\"{&quot;background_background&quot;:&quot;classic&quot;}\">\n\t\t\t\t<div class=\"elementor-element elementor-element-19a4d02f elementor-widget__width-initial elementor-widget elementor-widget-heading\" data-id=\"19a4d02f\" data-element_type=\"widget\" data-e-type=\"widget\" data-settings=\"{&quot;_animation&quot;:&quot;none&quot;}\" data-widget_type=\"heading.default\">\n\t\t\t\t\t<h2 class=\"elementor-heading-title elementor-size-default\">H\u0130ZMETLER\u0130M\u0130Z<\/h2>\t\t\t\t<\/div>\n\t\t\t\t<\/div>\n\t\t\t\t<\/div>\n\t\t\t\t\t<\/div>\n\t\t\t\t<\/div>\n\t\t<div class=\"elementor-element elementor-element-5dc12e64 e-flex e-con-boxed e-con e-parent\" data-id=\"5dc12e64\" data-element_type=\"container\" data-e-type=\"container\" data-settings=\"{&quot;background_background&quot;:&quot;classic&quot;}\">\n\t\t\t\t\t<div class=\"e-con-inner\">\n\t\t<div class=\"elementor-element elementor-element-3162e134 e-con-full e-flex e-con e-child\" data-id=\"3162e134\" data-element_type=\"container\" data-e-type=\"container\">\n\t\t\t\t<div class=\"elementor-element elementor-element-180b10ea elementor-widget elementor-widget-heading\" data-id=\"180b10ea\" data-element_type=\"widget\" data-e-type=\"widget\" data-widget_type=\"heading.default\">\n\t\t\t\t\t<h2 class=\"elementor-heading-title elementor-size-default\">H\u0130ZMETLER<\/h2>\t\t\t\t<\/div>\n\t\t\t\t<div class=\"elementor-element elementor-element-2ec4d274 elementor-widget__width-initial elementor-widget elementor-widget-heading\" data-id=\"2ec4d274\" data-element_type=\"widget\" data-e-type=\"widget\" data-widget_type=\"heading.default\">\n\t\t\t\t\t<h1 class=\"elementor-heading-title elementor-size-default\">\u00c7at\u0131 Uygulamalar\u0131<\/h1>\t\t\t\t<\/div>\n\t\t\t\t<\/div>\n\t\t<div class=\"elementor-element elementor-element-19832113 e-con-full e-flex e-con e-child\" data-id=\"19832113\" data-element_type=\"container\" data-e-type=\"container\">\n\t\t<div class=\"elementor-element elementor-element-79d4a1fb e-con-full e-flex e-con e-child\" data-id=\"79d4a1fb\" data-element_type=\"container\" data-e-type=\"container\">\n\t\t<div class=\"elementor-element elementor-element-4088a5e9 e-con-full animated-slow e-flex elementor-invisible e-con e-child\" data-id=\"4088a5e9\" data-element_type=\"container\" data-e-type=\"container\" data-settings=\"{&quot;background_background&quot;:&quot;classic&quot;,&quot;animation&quot;:&quot;fadeInUp&quot;}\">\n\t\t<div class=\"elementor-element elementor-element-5d27ae85 e-con-full e-flex e-con e-child\" data-id=\"5d27ae85\" data-element_type=\"container\" data-e-type=\"container\" data-settings=\"{&quot;background_background&quot;:&quot;classic&quot;}\">\n\t\t\t\t<\/div>\n\t\t<div class=\"elementor-element elementor-element-504ceaf3 e-con-full e-flex e-con e-child\" data-id=\"504ceaf3\" data-element_type=\"container\" data-e-type=\"container\" data-settings=\"{&quot;background_background&quot;:&quot;classic&quot;}\">\n\t\t\t\t<div class=\"elementor-element elementor-element-305cbb6a elementor-widget elementor-widget-heading\" data-id=\"305cbb6a\" data-element_type=\"widget\" data-e-type=\"widget\" data-widget_type=\"heading.default\">\n\t\t\t\t\t<h2 class=\"elementor-heading-title elementor-size-default\">\u00c7at\u0131 Aktarma<\/h2>\t\t\t\t<\/div>\n\t\t\t\t<div class=\"elementor-element elementor-element-2b99e98c elementor-widget__width-initial elementor-widget elementor-widget-text-editor\" data-id=\"2b99e98c\" data-element_type=\"widget\" data-e-type=\"widget\" data-widget_type=\"text-editor.default\">\n\t\t\t\t\t\t\t\t\t<p>\u0130zmir ve \u00e7evresinde uzun y\u0131llard\u0131r in\u015faat sekt\u00f6r\u00fcnde g\u00fcvenle hizmet veren\u00a0<strong>Ary \u0130n\u015faat<\/strong>, uzman kadrosu ve kaliteli malzeme kullan\u0131m\u0131yla\u00a0<strong>\u00e7at\u0131 aktarma<\/strong>\u00a0alan\u0131nda da fark yaratmaktad\u0131r. Eskiyen, y\u0131pranan ya da hasar g\u00f6ren \u00e7at\u0131lar zamanla su s\u0131zd\u0131rma, \u0131s\u0131 kayb\u0131 ve yap\u0131sal sorunlara yol a\u00e7abilir.<\/p>\t\t\t\t\t\t\t\t<\/div>\n\t\t\t\t<div class=\"elementor-element elementor-element-132d0b06 elementor-align-center elementor-widget elementor-widget-button\" data-id=\"132d0b06\" data-element_type=\"widget\" data-e-type=\"widget\" data-widget_type=\"button.default\">\n\t\t\t\t\t\t\t\t\t\t<a class=\"elementor-button elementor-button-link elementor-size-sm\" href=\"https:\/\/www.aryinsaatizmir.com\/index.php\/cati-aktarma\/\">\n\t\t\t\t\t\t<span class=\"elementor-button-content-wrapper\">\n\t\t\t\t\t\t<span class=\"elementor-button-icon\">\n\t\t\t\t<svg aria-hidden=\"true\" class=\"e-font-icon-svg e-fas-chevron-right\" viewBox=\"0 0 320 512\" xmlns=\"http:\/\/www.w3.org\/2000\/svg\"><path d=\"M285.476 272.971L91.132 467.314c-9.373 9.373-24.569 9.373-33.941 0l-22.667-22.667c-9.357-9.357-9.375-24.522-.04-33.901L188.505 256 34.484 101.255c-9.335-9.379-9.317-24.544.04-33.901l22.667-22.667c9.373-9.373 24.569-9.373 33.941 0L285.475 239.03c9.373 9.372 9.373 24.568.001 33.941z\"><\/path><\/svg>\t\t\t<\/span>\n\t\t\t\t\t\t\t\t\t<span class=\"elementor-button-text\">Daha Fazla<\/span>\n\t\t\t\t\t<\/span>\n\t\t\t\t\t<\/a>\n\t\t\t\t\t\t\t\t<\/div>\n\t\t\t\t<\/div>\n\t\t\t\t<\/div>\n\t\t<div class=\"elementor-element elementor-element-c35da3b e-con-full animated-slow e-flex elementor-invisible e-con e-child\" data-id=\"c35da3b\" data-element_type=\"container\" data-e-type=\"container\" data-settings=\"{&quot;background_background&quot;:&quot;classic&quot;,&quot;animation&quot;:&quot;fadeInUp&quot;}\">\n\t\t<div class=\"elementor-element elementor-element-28971c17 e-con-full e-flex e-con e-child\" data-id=\"28971c17\" data-element_type=\"container\" data-e-type=\"container\" data-settings=\"{&quot;background_background&quot;:&quot;classic&quot;}\">\n\t\t\t\t<\/div>\n\t\t<div class=\"elementor-element elementor-element-1080e41 e-con-full e-flex e-con e-child\" data-id=\"1080e41\" data-element_type=\"container\" data-e-type=\"container\" data-settings=\"{&quot;background_background&quot;:&quot;classic&quot;}\">\n\t\t\t\t<div class=\"elementor-element elementor-element-4aae9278 elementor-widget elementor-widget-heading\" data-id=\"4aae9278\" data-element_type=\"widget\" data-e-type=\"widget\" data-widget_type=\"heading.default\">\n\t\t\t\t\t<h2 class=\"elementor-heading-title elementor-size-default\">\u00c7at\u0131 \u0130zalasyon<\/h2>\t\t\t\t<\/div>\n\t\t\t\t<div class=\"elementor-element elementor-element-1a7afab7 elementor-widget__width-initial elementor-widget elementor-widget-text-editor\" data-id=\"1a7afab7\" data-element_type=\"widget\" data-e-type=\"widget\" data-widget_type=\"text-editor.default\">\n\t\t\t\t\t\t\t\t\t<p>\u00c7at\u0131 izolasyonu, yap\u0131lar\u0131n i\u00e7 mekanlar\u0131n\u0131 d\u0131\u015f etkenlerden korumak, enerji verimlili\u011fini art\u0131rmak ve uzun vadede maliyetleri azaltmak i\u00e7in b\u00fcy\u00fck \u00f6nem ta\u015f\u0131r. Ary \u0130n\u015faat, \u0130zmir\u2019in iklim \u015fartlar\u0131na uygun malzeme ve tekniklerle profesyonel uygulamalar ger\u00e7ekle\u015ftirir. Bizimle ileti\u015fime ge\u00e7erek \u00fccretsiz ke\u015fif hizmetimizden faydalan\u0131n.<\/p>\t\t\t\t\t\t\t\t<\/div>\n\t\t\t\t<div class=\"elementor-element elementor-element-5fb56f42 elementor-align-center elementor-widget elementor-widget-button\" data-id=\"5fb56f42\" data-element_type=\"widget\" data-e-type=\"widget\" data-widget_type=\"button.default\">\n\t\t\t\t\t\t\t\t\t\t<a class=\"elementor-button elementor-button-link elementor-size-sm\" href=\"https:\/\/www.aryinsaatizmir.com\/index.php\/cati-izolasyon\/\">\n\t\t\t\t\t\t<span class=\"elementor-button-content-wrapper\">\n\t\t\t\t\t\t<span class=\"elementor-button-icon\">\n\t\t\t\t<svg aria-hidden=\"true\" class=\"e-font-icon-svg e-fas-chevron-right\" viewBox=\"0 0 320 512\" xmlns=\"http:\/\/www.w3.org\/2000\/svg\"><path d=\"M285.476 272.971L91.132 467.314c-9.373 9.373-24.569 9.373-33.941 0l-22.667-22.667c-9.357-9.357-9.375-24.522-.04-33.901L188.505 256 34.484 101.255c-9.335-9.379-9.317-24.544.04-33.901l22.667-22.667c9.373-9.373 24.569-9.373 33.941 0L285.475 239.03c9.373 9.372 9.373 24.568.001 33.941z\"><\/path><\/svg>\t\t\t<\/span>\n\t\t\t\t\t\t\t\t\t<span class=\"elementor-button-text\">Daha Fazla<\/span>\n\t\t\t\t\t<\/span>\n\t\t\t\t\t<\/a>\n\t\t\t\t\t\t\t\t<\/div>\n\t\t\t\t<\/div>\n\t\t\t\t<\/div>\n\t\t\t\t<\/div>\n\t\t<div class=\"elementor-element elementor-element-7c03e48e e-con-full e-flex e-con e-child\" data-id=\"7c03e48e\" data-element_type=\"container\" data-e-type=\"container\">\n\t\t<div class=\"elementor-element elementor-element-e6af6c3 e-con-full animated-slow e-flex elementor-invisible e-con e-child\" data-id=\"e6af6c3\" data-element_type=\"container\" data-e-type=\"container\" data-settings=\"{&quot;background_background&quot;:&quot;classic&quot;,&quot;animation&quot;:&quot;fadeInUp&quot;}\">\n\t\t<div class=\"elementor-element elementor-element-bf80512 e-con-full e-flex e-con e-child\" data-id=\"bf80512\" data-element_type=\"container\" data-e-type=\"container\" data-settings=\"{&quot;background_background&quot;:&quot;classic&quot;}\">\n\t\t\t\t<\/div>\n\t\t<div class=\"elementor-element elementor-element-4a5bbf9d e-con-full e-flex e-con e-child\" data-id=\"4a5bbf9d\" data-element_type=\"container\" data-e-type=\"container\" data-settings=\"{&quot;background_background&quot;:&quot;classic&quot;}\">\n\t\t\t\t<div class=\"elementor-element elementor-element-7903afb6 elementor-widget elementor-widget-heading\" data-id=\"7903afb6\" data-element_type=\"widget\" data-e-type=\"widget\" data-widget_type=\"heading.default\">\n\t\t\t\t\t<h2 class=\"elementor-heading-title elementor-size-default\">S\u0131f\u0131r \u00c7at\u0131<\/h2>\t\t\t\t<\/div>\n\t\t\t\t<div class=\"elementor-element elementor-element-5b8af1c0 elementor-widget__width-initial elementor-widget elementor-widget-text-editor\" data-id=\"5b8af1c0\" data-element_type=\"widget\" data-e-type=\"widget\" data-widget_type=\"text-editor.default\">\n\t\t\t\t\t\t\t\t\t<p>Yeni bir bina in\u015fa ediyorsan\u0131z veya mevcut yap\u0131n\u0131za ek bir b\u00f6l\u00fcm kat\u0131yorsan\u0131z, sa\u011flam ve uzun \u00f6m\u00fcrl\u00fc bir \u00e7at\u0131 olmazsa olmazd\u0131r. \u0130zmir\u2019de faaliyet g\u00f6steren\u00a0<strong>Ary \u0130n\u015faat<\/strong>, modern tekniklerle ger\u00e7ekle\u015ftirdi\u011fi\u00a0<strong>s\u0131f\u0131r \u00e7at\u0131 yap\u0131m\u0131<\/strong>\u00a0hizmetleriyle g\u00fcvenilir \u00e7\u00f6z\u00fcmler sunmaktad\u0131r.<\/p>\t\t\t\t\t\t\t\t<\/div>\n\t\t\t\t<div class=\"elementor-element elementor-element-76184564 elementor-align-center elementor-widget elementor-widget-button\" data-id=\"76184564\" data-element_type=\"widget\" data-e-type=\"widget\" data-widget_type=\"button.default\">\n\t\t\t\t\t\t\t\t\t\t<a class=\"elementor-button elementor-button-link elementor-size-sm\" href=\"https:\/\/www.aryinsaatizmir.com\/index.php\/sifir-cati\/\">\n\t\t\t\t\t\t<span class=\"elementor-button-content-wrapper\">\n\t\t\t\t\t\t<span class=\"elementor-button-icon\">\n\t\t\t\t<svg aria-hidden=\"true\" class=\"e-font-icon-svg e-fas-chevron-right\" viewBox=\"0 0 320 512\" xmlns=\"http:\/\/www.w3.org\/2000\/svg\"><path d=\"M285.476 272.971L91.132 467.314c-9.373 9.373-24.569 9.373-33.941 0l-22.667-22.667c-9.357-9.357-9.375-24.522-.04-33.901L188.505 256 34.484 101.255c-9.335-9.379-9.317-24.544.04-33.901l22.667-22.667c9.373-9.373 24.569-9.373 33.941 0L285.475 239.03c9.373 9.372 9.373 24.568.001 33.941z\"><\/path><\/svg>\t\t\t<\/span>\n\t\t\t\t\t\t\t\t\t<span class=\"elementor-button-text\">Daha Fazla<\/span>\n\t\t\t\t\t<\/span>\n\t\t\t\t\t<\/a>\n\t\t\t\t\t\t\t\t<\/div>\n\t\t\t\t<\/div>\n\t\t\t\t<\/div>\n\t\t<div class=\"elementor-element elementor-element-771b9749 e-con-full animated-slow e-flex elementor-invisible e-con e-child\" data-id=\"771b9749\" data-element_type=\"container\" data-e-type=\"container\" data-settings=\"{&quot;background_background&quot;:&quot;classic&quot;,&quot;animation&quot;:&quot;fadeInUp&quot;}\">\n\t\t<div class=\"elementor-element elementor-element-611d223b e-con-full e-flex e-con e-child\" data-id=\"611d223b\" data-element_type=\"container\" data-e-type=\"container\" data-settings=\"{&quot;background_background&quot;:&quot;classic&quot;}\">\n\t\t\t\t<\/div>\n\t\t<div class=\"elementor-element elementor-element-45efe6a3 e-con-full e-flex e-con e-child\" data-id=\"45efe6a3\" data-element_type=\"container\" data-e-type=\"container\" data-settings=\"{&quot;background_background&quot;:&quot;classic&quot;}\">\n\t\t\t\t<div class=\"elementor-element elementor-element-4ccae56 elementor-widget elementor-widget-heading\" data-id=\"4ccae56\" data-element_type=\"widget\" data-e-type=\"widget\" data-widget_type=\"heading.default\">\n\t\t\t\t\t<h2 class=\"elementor-heading-title elementor-size-default\">Galvinizli ve Simitli Sac \u00c7at\u0131\n\n\n\n\n<\/h2>\t\t\t\t<\/div>\n\t\t\t\t<div class=\"elementor-element elementor-element-1444ca5b elementor-widget__width-initial elementor-widget elementor-widget-text-editor\" data-id=\"1444ca5b\" data-element_type=\"widget\" data-e-type=\"widget\" data-widget_type=\"text-editor.default\">\n\t\t\t\t\t\t\t\t\t<p>\u00c7at\u0131 sistemleri konusunda profesyonel hizmet sunan <strong data-start=\"340\" data-end=\"354\">Ary \u0130n\u015faat<\/strong>, dayan\u0131kl\u0131 ve uzun \u00f6m\u00fcrl\u00fc \u00e7\u00f6z\u00fcmlerden biri olan\u00a0<strong data-start=\"403\" data-end=\"437\">galvanizli ve simitli sac \u00e7at\u0131<\/strong> uygulamalar\u0131yla dikkat \u00e7ekmektedir.\u00a0 Paslanmaya kar\u015f\u0131 y\u00fcksek diren\u00e7 g\u00f6sterir ve d\u0131\u015f hava ko\u015fullar\u0131na kar\u015f\u0131 \u00fcst\u00fcn koruma sa\u011flar.<\/p>\t\t\t\t\t\t\t\t<\/div>\n\t\t\t\t<div class=\"elementor-element elementor-element-43c4258c elementor-align-center elementor-widget elementor-widget-button\" data-id=\"43c4258c\" data-element_type=\"widget\" data-e-type=\"widget\" data-widget_type=\"button.default\">\n\t\t\t\t\t\t\t\t\t\t<a class=\"elementor-button elementor-button-link elementor-size-sm\" href=\"https:\/\/www.aryinsaatizmir.com\/index.php\/sac-cati\/\">\n\t\t\t\t\t\t<span class=\"elementor-button-content-wrapper\">\n\t\t\t\t\t\t<span class=\"elementor-button-icon\">\n\t\t\t\t<svg aria-hidden=\"true\" class=\"e-font-icon-svg e-fas-chevron-right\" viewBox=\"0 0 320 512\" xmlns=\"http:\/\/www.w3.org\/2000\/svg\"><path d=\"M285.476 272.971L91.132 467.314c-9.373 9.373-24.569 9.373-33.941 0l-22.667-22.667c-9.357-9.357-9.375-24.522-.04-33.901L188.505 256 34.484 101.255c-9.335-9.379-9.317-24.544.04-33.901l22.667-22.667c9.373-9.373 24.569-9.373 33.941 0L285.475 239.03c9.373 9.372 9.373 24.568.001 33.941z\"><\/path><\/svg>\t\t\t<\/span>\n\t\t\t\t\t\t\t\t\t<span class=\"elementor-button-text\">Daha Fazla<\/span>\n\t\t\t\t\t<\/span>\n\t\t\t\t\t<\/a>\n\t\t\t\t\t\t\t\t<\/div>\n\t\t\t\t<\/div>\n\t\t\t\t<\/div>\n\t\t\t\t<\/div>\n\t\t\t\t<\/div>\n\t\t\t\t\t<\/div>\n\t\t\t\t<\/div>\n\t\t\t\t<\/div>\n\t\t\n    <div class=\"xs_social_share_widget xs_share_url after_content \t\tmain_content  wslu-style-1 wslu-share-box-shaped wslu-fill-colored wslu-none wslu-share-horizontal wslu-theme-font-no wslu-main_content\">\n\n\t\t\n        <ul>\n\t\t\t        <\/ul>\n    <\/div> \n","protected":false},"excerpt":{"rendered":"<p>H\u0130ZMETLER\u0130M\u0130Z H\u0130ZMETLER \u00c7at\u0131 Uygulamalar\u0131 \u00c7at\u0131 Aktarma \u0130zmir ve \u00e7evresinde uzun y\u0131llard\u0131r in\u015faat sekt\u00f6r\u00fcnde g\u00fcvenle hizmet veren\u00a0Ary \u0130n\u015faat, uzman kadrosu ve kaliteli malzeme kullan\u0131m\u0131yla\u00a0\u00e7at\u0131 aktarma\u00a0alan\u0131nda da fark yaratmaktad\u0131r. Eskiyen, y\u0131pranan ya da hasar g\u00f6ren \u00e7at\u0131lar zamanla su s\u0131zd\u0131rma, \u0131s\u0131 kayb\u0131 ve yap\u0131sal sorunlara yol a\u00e7abilir. Daha Fazla \u00c7at\u0131 \u0130zalasyon \u00c7at\u0131 izolasyonu, yap\u0131lar\u0131n i\u00e7 mekanlar\u0131n\u0131 d\u0131\u015f etkenlerden [&hellip;]<\/p>\n","protected":false},"author":1,"featured_media":0,"parent":0,"menu_order":0,"comment_status":"closed","ping_status":"closed","template":"elementor_header_footer","meta":{"postBodyCss":"","postBodyMargin":[],"postBodyPadding":[],"postBodyBackground":{"backgroundType":"classic","gradient":""},"footnotes":""},"class_list":["post-401","page","type-page","status-publish","hentry"],"_links":{"self":[{"href":"https:\/\/www.aryinsaatizmir.com\/index.php\/wp-json\/wp\/v2\/pages\/401","targetHints":{"allow":["GET"]}}],"collection":[{"href":"https:\/\/www.aryinsaatizmir.com\/index.php\/wp-json\/wp\/v2\/pages"}],"about":[{"href":"https:\/\/www.aryinsaatizmir.com\/index.php\/wp-json\/wp\/v2\/types\/page"}],"author":[{"embeddable":true,"href":"https:\/\/www.aryinsaatizmir.com\/index.php\/wp-json\/wp\/v2\/users\/1"}],"replies":[{"embeddable":true,"href":"https:\/\/www.aryinsaatizmir.com\/index.php\/wp-json\/wp\/v2\/comments?post=401"}],"version-history":[{"count":52,"href":"https:\/\/www.aryinsaatizmir.com\/index.php\/wp-json\/wp\/v2\/pages\/401\/revisions"}],"predecessor-version":[{"id":870,"href":"https:\/\/www.aryinsaatizmir.com\/index.php\/wp-json\/wp\/v2\/pages\/401\/revisions\/870"}],"wp:attachment":[{"href":"https:\/\/www.aryinsaatizmir.com\/index.php\/wp-json\/wp\/v2\/media?parent=401"}],"curies":[{"name":"wp","href":"https:\/\/api.w.org\/{rel}","templated":true}]}}