{"id":592,"date":"2025-08-01T16:15:30","date_gmt":"2025-08-01T13:15:30","guid":{"rendered":"https:\/\/www.aryinsaatizmir.com\/?page_id=592"},"modified":"2025-08-04T16:50:02","modified_gmt":"2025-08-04T13:50:02","slug":"dekorlar","status":"publish","type":"page","link":"https:\/\/www.aryinsaatizmir.com\/index.php\/dekorlar\/","title":{"rendered":"Dekorlar"},"content":{"rendered":"\t\t<div data-elementor-type=\"wp-page\" data-elementor-id=\"592\" class=\"elementor elementor-592\">\n\t\t\t\t<div class=\"elementor-element elementor-element-7a4ccf78 e-flex e-con-boxed e-con e-parent\" data-id=\"7a4ccf78\" data-element_type=\"container\" data-e-type=\"container\" data-settings=\"{&quot;background_background&quot;:&quot;classic&quot;,&quot;shape_divider_bottom&quot;:&quot;triangle-asymmetrical&quot;}\">\n\t\t\t\t\t<div class=\"e-con-inner\">\n\t\t\t\t<div class=\"elementor-shape elementor-shape-bottom\" aria-hidden=\"true\" data-negative=\"false\">\n\t\t\t<svg xmlns=\"http:\/\/www.w3.org\/2000\/svg\" viewBox=\"0 0 1000 100\" preserveAspectRatio=\"none\">\n\t<path class=\"elementor-shape-fill\" d=\"M738,99l262-93V0H0v5.6L738,99z\"\/>\n<\/svg>\t\t<\/div>\n\t\t<div class=\"elementor-element elementor-element-7c749218 e-con-full e-flex e-con e-child\" data-id=\"7c749218\" data-element_type=\"container\" data-e-type=\"container\">\n\t\t<div class=\"elementor-element elementor-element-1a4b1d6f e-con-full e-flex e-con e-child\" data-id=\"1a4b1d6f\" data-element_type=\"container\" data-e-type=\"container\" data-settings=\"{&quot;background_background&quot;:&quot;classic&quot;}\">\n\t\t\t\t<div class=\"elementor-element elementor-element-66eeec80 elementor-widget__width-initial elementor-widget elementor-widget-heading\" data-id=\"66eeec80\" data-element_type=\"widget\" data-e-type=\"widget\" data-settings=\"{&quot;_animation&quot;:&quot;none&quot;}\" data-widget_type=\"heading.default\">\n\t\t\t\t\t<h2 class=\"elementor-heading-title elementor-size-default\">H\u0130ZMETLER\u0130M\u0130Z<\/h2>\t\t\t\t<\/div>\n\t\t\t\t<\/div>\n\t\t\t\t<\/div>\n\t\t\t\t\t<\/div>\n\t\t\t\t<\/div>\n\t\t<div class=\"elementor-element elementor-element-6b0cbdd5 e-flex e-con-boxed e-con e-parent\" data-id=\"6b0cbdd5\" data-element_type=\"container\" data-e-type=\"container\" data-settings=\"{&quot;background_background&quot;:&quot;classic&quot;}\">\n\t\t\t\t\t<div class=\"e-con-inner\">\n\t\t<div class=\"elementor-element elementor-element-842ca5c e-con-full e-flex e-con e-child\" data-id=\"842ca5c\" data-element_type=\"container\" data-e-type=\"container\">\n\t\t\t\t<div class=\"elementor-element elementor-element-6667ecd0 elementor-widget elementor-widget-heading\" data-id=\"6667ecd0\" data-element_type=\"widget\" data-e-type=\"widget\" data-widget_type=\"heading.default\">\n\t\t\t\t\t<h2 class=\"elementor-heading-title elementor-size-default\">H\u0130ZMETLER<\/h2>\t\t\t\t<\/div>\n\t\t\t\t<div class=\"elementor-element elementor-element-50dabcd elementor-widget__width-initial elementor-widget elementor-widget-heading\" data-id=\"50dabcd\" data-element_type=\"widget\" data-e-type=\"widget\" data-widget_type=\"heading.default\">\n\t\t\t\t\t<h1 class=\"elementor-heading-title elementor-size-default\">Yer Dekorlar\u0131<\/h1>\t\t\t\t<\/div>\n\t\t\t\t<\/div>\n\t\t<div class=\"elementor-element elementor-element-69564cac e-con-full e-flex e-con e-child\" data-id=\"69564cac\" data-element_type=\"container\" data-e-type=\"container\">\n\t\t<div class=\"elementor-element elementor-element-61f45903 e-con-full e-flex e-con e-child\" data-id=\"61f45903\" data-element_type=\"container\" data-e-type=\"container\">\n\t\t<div class=\"elementor-element elementor-element-6be50a70 e-con-full animated-slow e-flex elementor-invisible e-con e-child\" data-id=\"6be50a70\" data-element_type=\"container\" data-e-type=\"container\" data-settings=\"{&quot;background_background&quot;:&quot;classic&quot;,&quot;animation&quot;:&quot;fadeInUp&quot;}\">\n\t\t<div class=\"elementor-element elementor-element-7b2b8e80 e-con-full e-flex e-con e-child\" data-id=\"7b2b8e80\" data-element_type=\"container\" data-e-type=\"container\" data-settings=\"{&quot;background_background&quot;:&quot;classic&quot;}\">\n\t\t\t\t<\/div>\n\t\t<div class=\"elementor-element elementor-element-4082106a e-con-full e-flex e-con e-child\" data-id=\"4082106a\" data-element_type=\"container\" data-e-type=\"container\" data-settings=\"{&quot;background_background&quot;:&quot;classic&quot;}\">\n\t\t\t\t<div class=\"elementor-element elementor-element-5c5cdabc elementor-widget elementor-widget-heading\" data-id=\"5c5cdabc\" data-element_type=\"widget\" data-e-type=\"widget\" data-widget_type=\"heading.default\">\n\t\t\t\t\t<h2 class=\"elementor-heading-title elementor-size-default\"><a href=\"https:\/\/www.aryinsaatizmir.com\/index.php\/mermer\">Mermer<\/a><\/h2>\t\t\t\t<\/div>\n\t\t\t\t<div class=\"elementor-element elementor-element-56bf6649 elementor-widget__width-initial elementor-widget elementor-widget-text-editor\" data-id=\"56bf6649\" data-element_type=\"widget\" data-e-type=\"widget\" data-widget_type=\"text-editor.default\">\n\t\t\t\t\t\t\t\t\t<p><strong data-start=\"409\" data-end=\"419\">Mermer<\/strong>, zarafeti ve dayan\u0131kl\u0131l\u0131\u011f\u0131 ile y\u00fczy\u0131llard\u0131r tercih edilen en \u00f6zel do\u011fal ta\u015flardan biridir. \u0130\u00e7 ve d\u0131\u015f mekanlarda \u015f\u0131kl\u0131\u011f\u0131 ve prestiji yans\u0131tan mermer uygulamalar\u0131 ile ya\u015fam alanlar\u0131n\u0131z\u0131 bir \u00fcst seviyeye ta\u015f\u0131yoruz.<\/p>\t\t\t\t\t\t\t\t<\/div>\n\t\t\t\t<div class=\"elementor-element elementor-element-35cfde64 elementor-align-center elementor-widget elementor-widget-button\" data-id=\"35cfde64\" data-element_type=\"widget\" data-e-type=\"widget\" data-widget_type=\"button.default\">\n\t\t\t\t\t\t\t\t\t\t<a class=\"elementor-button elementor-button-link elementor-size-sm\" href=\"https:\/\/www.aryinsaatizmir.com\/index.php\/mermer\">\n\t\t\t\t\t\t<span class=\"elementor-button-content-wrapper\">\n\t\t\t\t\t\t<span class=\"elementor-button-icon\">\n\t\t\t\t<svg aria-hidden=\"true\" class=\"e-font-icon-svg e-fas-chevron-right\" viewBox=\"0 0 320 512\" xmlns=\"http:\/\/www.w3.org\/2000\/svg\"><path d=\"M285.476 272.971L91.132 467.314c-9.373 9.373-24.569 9.373-33.941 0l-22.667-22.667c-9.357-9.357-9.375-24.522-.04-33.901L188.505 256 34.484 101.255c-9.335-9.379-9.317-24.544.04-33.901l22.667-22.667c9.373-9.373 24.569-9.373 33.941 0L285.475 239.03c9.373 9.372 9.373 24.568.001 33.941z\"><\/path><\/svg>\t\t\t<\/span>\n\t\t\t\t\t\t\t\t\t<span class=\"elementor-button-text\">Daha Fazla<\/span>\n\t\t\t\t\t<\/span>\n\t\t\t\t\t<\/a>\n\t\t\t\t\t\t\t\t<\/div>\n\t\t\t\t<\/div>\n\t\t\t\t<\/div>\n\t\t<div class=\"elementor-element elementor-element-5e5a6f0d e-con-full animated-slow e-flex elementor-invisible e-con e-child\" data-id=\"5e5a6f0d\" data-element_type=\"container\" data-e-type=\"container\" data-settings=\"{&quot;background_background&quot;:&quot;classic&quot;,&quot;animation&quot;:&quot;fadeInUp&quot;}\">\n\t\t<div class=\"elementor-element elementor-element-45725006 e-con-full e-flex e-con e-child\" data-id=\"45725006\" data-element_type=\"container\" data-e-type=\"container\" data-settings=\"{&quot;background_background&quot;:&quot;classic&quot;}\">\n\t\t\t\t<\/div>\n\t\t<div class=\"elementor-element elementor-element-38350e8d e-con-full e-flex e-con e-child\" data-id=\"38350e8d\" data-element_type=\"container\" data-e-type=\"container\" data-settings=\"{&quot;background_background&quot;:&quot;classic&quot;}\">\n\t\t\t\t<div class=\"elementor-element elementor-element-34e4ec5c elementor-widget elementor-widget-heading\" data-id=\"34e4ec5c\" data-element_type=\"widget\" data-e-type=\"widget\" data-widget_type=\"heading.default\">\n\t\t\t\t\t<h2 class=\"elementor-heading-title elementor-size-default\"><a href=\"https:\/\/www.aryinsaatizmir.com\/index.php\/mozaik\">Mozaik<\/a><\/h2>\t\t\t\t<\/div>\n\t\t\t\t<div class=\"elementor-element elementor-element-c1e8122 elementor-widget__width-initial elementor-widget elementor-widget-text-editor\" data-id=\"c1e8122\" data-element_type=\"widget\" data-e-type=\"widget\" data-widget_type=\"text-editor.default\">\n\t\t\t\t\t\t\t\t\t<ul><li><strong>Do\u011fal Ta\u015f G\u00f6r\u00fcn\u00fcm\u00fc<\/strong><\/li><li><strong>Y\u00fcksek Dayan\u0131kl\u0131l\u0131k<\/strong><\/li><li><strong>Renk \u00c7e\u015fitlili\u011fi<\/strong><\/li><li>\u00a0<strong>Bak\u0131m Gerektirmez<\/strong><\/li><li><strong>Is\u0131 Yal\u0131t\u0131m Sistemleriyle Uyumlu<\/strong><\/li><\/ul>\t\t\t\t\t\t\t\t<\/div>\n\t\t\t\t<div class=\"elementor-element elementor-element-9f28305 elementor-align-center elementor-widget elementor-widget-button\" data-id=\"9f28305\" data-element_type=\"widget\" data-e-type=\"widget\" data-widget_type=\"button.default\">\n\t\t\t\t\t\t\t\t\t\t<a class=\"elementor-button elementor-button-link elementor-size-sm\" href=\"https:\/\/www.aryinsaatizmir.com\/index.php\/mozaik\">\n\t\t\t\t\t\t<span class=\"elementor-button-content-wrapper\">\n\t\t\t\t\t\t<span class=\"elementor-button-icon\">\n\t\t\t\t<svg aria-hidden=\"true\" class=\"e-font-icon-svg e-fas-chevron-right\" viewBox=\"0 0 320 512\" xmlns=\"http:\/\/www.w3.org\/2000\/svg\"><path d=\"M285.476 272.971L91.132 467.314c-9.373 9.373-24.569 9.373-33.941 0l-22.667-22.667c-9.357-9.357-9.375-24.522-.04-33.901L188.505 256 34.484 101.255c-9.335-9.379-9.317-24.544.04-33.901l22.667-22.667c9.373-9.373 24.569-9.373 33.941 0L285.475 239.03c9.373 9.372 9.373 24.568.001 33.941z\"><\/path><\/svg>\t\t\t<\/span>\n\t\t\t\t\t\t\t\t\t<span class=\"elementor-button-text\">Daha Fazla<\/span>\n\t\t\t\t\t<\/span>\n\t\t\t\t\t<\/a>\n\t\t\t\t\t\t\t\t<\/div>\n\t\t\t\t<\/div>\n\t\t\t\t<\/div>\n\t\t\t\t<\/div>\n\t\t<div class=\"elementor-element elementor-element-7689cee9 e-con-full e-flex e-con e-child\" data-id=\"7689cee9\" data-element_type=\"container\" data-e-type=\"container\">\n\t\t<div class=\"elementor-element elementor-element-56adcf6f e-con-full animated-slow e-flex elementor-invisible e-con e-child\" data-id=\"56adcf6f\" data-element_type=\"container\" data-e-type=\"container\" data-settings=\"{&quot;background_background&quot;:&quot;classic&quot;,&quot;animation&quot;:&quot;fadeInUp&quot;}\">\n\t\t<div class=\"elementor-element elementor-element-17680860 e-con-full e-flex e-con e-child\" data-id=\"17680860\" data-element_type=\"container\" data-e-type=\"container\" data-settings=\"{&quot;background_background&quot;:&quot;classic&quot;}\">\n\t\t\t\t<\/div>\n\t\t<div class=\"elementor-element elementor-element-235af4a3 e-con-full e-flex e-con e-child\" data-id=\"235af4a3\" data-element_type=\"container\" data-e-type=\"container\" data-settings=\"{&quot;background_background&quot;:&quot;classic&quot;}\">\n\t\t\t\t<div class=\"elementor-element elementor-element-5f4d0c99 elementor-widget elementor-widget-heading\" data-id=\"5f4d0c99\" data-element_type=\"widget\" data-e-type=\"widget\" data-widget_type=\"heading.default\">\n\t\t\t\t\t<h2 class=\"elementor-heading-title elementor-size-default\"><a href=\"https:\/\/www.aryinsaatizmir.com\/index.php\/fayans\">Fayans<\/a><\/h2>\t\t\t\t<\/div>\n\t\t\t\t<div class=\"elementor-element elementor-element-10b0a348 elementor-widget__width-initial elementor-widget elementor-widget-text-editor\" data-id=\"10b0a348\" data-element_type=\"widget\" data-e-type=\"widget\" data-widget_type=\"text-editor.default\">\n\t\t\t\t\t\t\t\t\t<p>Ary \u0130n\u015faat olarak \u0130zmir ve \u00e7evresinde, i\u00e7 ve d\u0131\u015f mekanlara \u00f6zel\u00a0<strong data-start=\"256\" data-end=\"283\">fayans uygulama hizmeti<\/strong>\u00a0sunmaktay\u0131z. Fayans kaplama; hijyenik, estetik ve uzun \u00f6m\u00fcrl\u00fc yap\u0131s\u0131yla banyo, mutfak, balkon, zemin ve duvarlar i\u00e7in en \u00e7ok tercih edilen kaplama t\u00fcrlerinden biridir.<\/p>\t\t\t\t\t\t\t\t<\/div>\n\t\t\t\t<div class=\"elementor-element elementor-element-4f8339f elementor-align-center elementor-widget elementor-widget-button\" data-id=\"4f8339f\" data-element_type=\"widget\" data-e-type=\"widget\" data-widget_type=\"button.default\">\n\t\t\t\t\t\t\t\t\t\t<a class=\"elementor-button elementor-button-link elementor-size-sm\" href=\"https:\/\/www.aryinsaatizmir.com\/index.php\/fayans\">\n\t\t\t\t\t\t<span class=\"elementor-button-content-wrapper\">\n\t\t\t\t\t\t<span class=\"elementor-button-icon\">\n\t\t\t\t<svg aria-hidden=\"true\" class=\"e-font-icon-svg e-fas-chevron-right\" viewBox=\"0 0 320 512\" xmlns=\"http:\/\/www.w3.org\/2000\/svg\"><path d=\"M285.476 272.971L91.132 467.314c-9.373 9.373-24.569 9.373-33.941 0l-22.667-22.667c-9.357-9.357-9.375-24.522-.04-33.901L188.505 256 34.484 101.255c-9.335-9.379-9.317-24.544.04-33.901l22.667-22.667c9.373-9.373 24.569-9.373 33.941 0L285.475 239.03c9.373 9.372 9.373 24.568.001 33.941z\"><\/path><\/svg>\t\t\t<\/span>\n\t\t\t\t\t\t\t\t\t<span class=\"elementor-button-text\">Daha Fazla<\/span>\n\t\t\t\t\t<\/span>\n\t\t\t\t\t<\/a>\n\t\t\t\t\t\t\t\t<\/div>\n\t\t\t\t<\/div>\n\t\t\t\t<\/div>\n\t\t<div class=\"elementor-element elementor-element-5a96eb2a e-con-full animated-slow e-flex elementor-invisible e-con e-child\" data-id=\"5a96eb2a\" data-element_type=\"container\" data-e-type=\"container\" data-settings=\"{&quot;background_background&quot;:&quot;classic&quot;,&quot;animation&quot;:&quot;fadeInUp&quot;}\">\n\t\t<div class=\"elementor-element elementor-element-287ce56a e-con-full e-flex e-con e-child\" data-id=\"287ce56a\" data-element_type=\"container\" data-e-type=\"container\" data-settings=\"{&quot;background_background&quot;:&quot;classic&quot;}\">\n\t\t\t\t<\/div>\n\t\t<div class=\"elementor-element elementor-element-7c67e540 e-con-full e-flex e-con e-child\" data-id=\"7c67e540\" data-element_type=\"container\" data-e-type=\"container\" data-settings=\"{&quot;background_background&quot;:&quot;classic&quot;}\">\n\t\t\t\t<div class=\"elementor-element elementor-element-4f6fee2d elementor-widget elementor-widget-heading\" data-id=\"4f6fee2d\" data-element_type=\"widget\" data-e-type=\"widget\" data-widget_type=\"heading.default\">\n\t\t\t\t\t<h2 class=\"elementor-heading-title elementor-size-default\"><a href=\"https:\/\/www.aryinsaatizmir.com\/index.php\/karo-tasi\">Karo Ta\u015f\u0131\n\n\n\n\n<\/a><\/h2>\t\t\t\t<\/div>\n\t\t\t\t<div class=\"elementor-element elementor-element-171c1e5f elementor-widget__width-initial elementor-widget elementor-widget-text-editor\" data-id=\"171c1e5f\" data-element_type=\"widget\" data-e-type=\"widget\" data-widget_type=\"text-editor.default\">\n\t\t\t\t\t\t\t\t\t<p>Ary \u0130n\u015faat olarak \u0130zmir ve \u00e7evresinde, i\u00e7 ve d\u0131\u015f mekanlara \u00f6zel\u00a0<strong>karo ta\u015f\u0131 uygulama hizmeti<\/strong>\u00a0sunmaktay\u0131z. Karo ta\u015flar\u0131; estetik g\u00f6r\u00fcn\u00fcm\u00fc, do\u011fal yap\u0131s\u0131 ve dayan\u0131kl\u0131l\u0131\u011f\u0131 sayesinde zemin kaplamalar\u0131nda s\u0131k\u00e7a tercih edilen dekoratif \u00e7\u00f6z\u00fcmler aras\u0131nda yer al\u0131r.<\/p>\t\t\t\t\t\t\t\t<\/div>\n\t\t\t\t<div class=\"elementor-element elementor-element-4adaa127 elementor-align-center elementor-widget elementor-widget-button\" data-id=\"4adaa127\" data-element_type=\"widget\" data-e-type=\"widget\" data-widget_type=\"button.default\">\n\t\t\t\t\t\t\t\t\t\t<a class=\"elementor-button elementor-button-link elementor-size-sm\" href=\"https:\/\/www.aryinsaatizmir.com\/index.php\/karo-tasi\">\n\t\t\t\t\t\t<span class=\"elementor-button-content-wrapper\">\n\t\t\t\t\t\t<span class=\"elementor-button-icon\">\n\t\t\t\t<svg aria-hidden=\"true\" class=\"e-font-icon-svg e-fas-chevron-right\" viewBox=\"0 0 320 512\" xmlns=\"http:\/\/www.w3.org\/2000\/svg\"><path d=\"M285.476 272.971L91.132 467.314c-9.373 9.373-24.569 9.373-33.941 0l-22.667-22.667c-9.357-9.357-9.375-24.522-.04-33.901L188.505 256 34.484 101.255c-9.335-9.379-9.317-24.544.04-33.901l22.667-22.667c9.373-9.373 24.569-9.373 33.941 0L285.475 239.03c9.373 9.372 9.373 24.568.001 33.941z\"><\/path><\/svg>\t\t\t<\/span>\n\t\t\t\t\t\t\t\t\t<span class=\"elementor-button-text\">Daha Fazla<\/span>\n\t\t\t\t\t<\/span>\n\t\t\t\t\t<\/a>\n\t\t\t\t\t\t\t\t<\/div>\n\t\t\t\t<\/div>\n\t\t\t\t<\/div>\n\t\t\t\t<\/div>\n\t\t\t\t<\/div>\n\t\t\t\t\t<\/div>\n\t\t\t\t<\/div>\n\t\t\t\t<\/div>\n\t\t\n    <div class=\"xs_social_share_widget xs_share_url after_content \t\tmain_content  wslu-style-1 wslu-share-box-shaped wslu-fill-colored wslu-none wslu-share-horizontal wslu-theme-font-no wslu-main_content\">\n\n\t\t\n        <ul>\n\t\t\t        <\/ul>\n    <\/div> \n","protected":false},"excerpt":{"rendered":"<p>H\u0130ZMETLER\u0130M\u0130Z H\u0130ZMETLER Yer Dekorlar\u0131 Mermer Mermer, zarafeti ve dayan\u0131kl\u0131l\u0131\u011f\u0131 ile y\u00fczy\u0131llard\u0131r tercih edilen en \u00f6zel do\u011fal ta\u015flardan biridir. \u0130\u00e7 ve d\u0131\u015f mekanlarda \u015f\u0131kl\u0131\u011f\u0131 ve prestiji yans\u0131tan mermer uygulamalar\u0131 ile ya\u015fam alanlar\u0131n\u0131z\u0131 bir \u00fcst seviyeye ta\u015f\u0131yoruz. Daha Fazla Mozaik Do\u011fal Ta\u015f G\u00f6r\u00fcn\u00fcm\u00fc Y\u00fcksek Dayan\u0131kl\u0131l\u0131k Renk \u00c7e\u015fitlili\u011fi \u00a0Bak\u0131m Gerektirmez Is\u0131 Yal\u0131t\u0131m Sistemleriyle Uyumlu Daha Fazla Fayans Ary [&hellip;]<\/p>\n","protected":false},"author":1,"featured_media":0,"parent":0,"menu_order":0,"comment_status":"closed","ping_status":"closed","template":"elementor_header_footer","meta":{"postBodyCss":"","postBodyMargin":[],"postBodyPadding":[],"postBodyBackground":{"backgroundType":"classic","gradient":""},"footnotes":""},"class_list":["post-592","page","type-page","status-publish","hentry"],"_links":{"self":[{"href":"https:\/\/www.aryinsaatizmir.com\/index.php\/wp-json\/wp\/v2\/pages\/592","targetHints":{"allow":["GET"]}}],"collection":[{"href":"https:\/\/www.aryinsaatizmir.com\/index.php\/wp-json\/wp\/v2\/pages"}],"about":[{"href":"https:\/\/www.aryinsaatizmir.com\/index.php\/wp-json\/wp\/v2\/types\/page"}],"author":[{"embeddable":true,"href":"https:\/\/www.aryinsaatizmir.com\/index.php\/wp-json\/wp\/v2\/users\/1"}],"replies":[{"embeddable":true,"href":"https:\/\/www.aryinsaatizmir.com\/index.php\/wp-json\/wp\/v2\/comments?post=592"}],"version-history":[{"count":28,"href":"https:\/\/www.aryinsaatizmir.com\/index.php\/wp-json\/wp\/v2\/pages\/592\/revisions"}],"predecessor-version":[{"id":910,"href":"https:\/\/www.aryinsaatizmir.com\/index.php\/wp-json\/wp\/v2\/pages\/592\/revisions\/910"}],"wp:attachment":[{"href":"https:\/\/www.aryinsaatizmir.com\/index.php\/wp-json\/wp\/v2\/media?parent=592"}],"curies":[{"name":"wp","href":"https:\/\/api.w.org\/{rel}","templated":true}]}}